{"id":1293,"date":"2021-09-18T09:44:22","date_gmt":"2021-09-18T07:44:22","guid":{"rendered":"http:\/\/impreza7.us-themes.com\/?page_id=1293"},"modified":"2025-03-08T18:03:28","modified_gmt":"2025-03-08T17:03:28","slug":"about","status":"publish","type":"page","link":"https:\/\/dexdo-online.de\/en\/about","title":{"rendered":"\u00dcber uns"},"content":{"rendered":"<section class=\"l-section wpb_row us_custom_eb849559 height_auto full_height valign_bottom width_full with_video\"><div id=\"us_bg_video_ucf5\" class=\"l-section-video\"><script id=\"us_bg_video_ucf5-script\">!function(w){var node = document.getElementById( 'us_bg_video_ucf5' );if ( w.innerWidth <= 600 ) { node.remove() }}(window);<\/script><style>@media(max-width:600px){#us_bg_video_ucf5{display:none!important}}<\/style><video  autoplay loop muted playsinline preload=\"auto\" tabindex=\"-1\"><source type=\"video\/mp4\" src=\"https:\/\/dexdo-online.de\/wp-content\/uploads\/2024\/03\/0b8e8e047c583c3636d11cff90bd4f71.mp4\" \/><\/video><\/div><div class=\"l-section-h i-cf\"><div class=\"g-cols vc_row via_flex valign_bottom type_default stacking_default\"><div class=\"vc_col-sm-12 wpb_column vc_column_container\"><div class=\"vc_column-inner us_custom_8f2ba1f4 us_animate_this\"><div class=\"wpb_wrapper\"><div class=\"w-iconbox iconpos_top style_default color_custom align_center no_text no_title\"><a href=\"#description\" class=\"w-iconbox-link\" aria-label=\"fal|angle-down\"><div class=\"w-iconbox-icon\" style=\"font-size:5rem;--icon-color:#ffffff;\"><i class=\"fal fa-angle-down\"><\/i><\/div><\/a><div class=\"w-iconbox-meta\"><\/div><\/div><div class=\"w-separator size_medium\"><\/div><\/div><\/div><\/div><\/div><\/div><\/section><section class=\"l-section wpb_row height_medium\" id=\"description\"><div class=\"l-section-h i-cf\"><div class=\"g-cols vc_row via_flex valign_middle type_default stacking_default\"><div class=\"vc_col-sm-6 wpb_column vc_column_container\"><div class=\"vc_column-inner\"><div class=\"wpb_wrapper\"><div class=\"w-slider style_none fit_scaledown nav_none count_3\"><div class=\"w-slider-h\" aria-hidden=\"true\"><div class=\"royalSlider\"><div class=\"rsContent\"><a class=\"rsImg\" data-rsw=\"819\" data-rsh=\"638\" href=\"https:\/\/dexdo-online.de\/wp-content\/uploads\/2024\/03\/3d3961aa4e6c74efb218a0079e086116.png\"><span data-alt=\"\"><\/span><\/a><\/div><div class=\"rsContent\"><a class=\"rsImg\" data-rsw=\"1024\" data-rsh=\"798\" href=\"https:\/\/dexdo-online.de\/wp-content\/uploads\/2024\/03\/cf627d6cb343879e5e699e9cfd6e9420.png\"><span data-alt=\"\"><\/span><\/a><\/div><div class=\"rsContent\"><a class=\"rsImg\" data-rsw=\"819\" data-rsh=\"639\" href=\"https:\/\/dexdo-online.de\/wp-content\/uploads\/2024\/03\/a6a6aa1d20c59a09fb2d0ebf8978454d.png\"><span data-alt=\"\"><\/span><\/a><\/div><\/div><img decoding=\"async\" src=\"https:\/\/dexdo-online.de\/wp-content\/uploads\/2024\/03\/3d3961aa4e6c74efb218a0079e086116.png\" width=\"819\" height=\"638\" alt loading=\"lazy\"><\/div><div class=\"w-slider-json\" onclick='return {&quot;autoScaleSlider&quot;:true,&quot;addActiveClass&quot;:true,&quot;loop&quot;:true,&quot;fadeInLoadedSlide&quot;:false,&quot;slidesSpacing&quot;:0,&quot;imageScalePadding&quot;:0,&quot;numImagesToPreload&quot;:2,&quot;arrowsNav&quot;:true,&quot;arrowsNavAutoHide&quot;:false,&quot;transitionType&quot;:&quot;move&quot;,&quot;transitionSpeed&quot;:250,&quot;block&quot;:{&quot;moveEffect&quot;:&quot;none&quot;,&quot;speed&quot;:300},&quot;thumbs&quot;:{&quot;fitInViewport&quot;:false,&quot;firstMargin&quot;:false,&quot;spacing&quot;:4},&quot;controlNavigation&quot;:&quot;none&quot;,&quot;autoplay&quot;:{&quot;enabled&quot;:true,&quot;pauseOnHover&quot;:true,&quot;delay&quot;:5000},&quot;autoScaleSliderWidth&quot;:819,&quot;autoScaleSliderHeight&quot;:638}'><\/div><\/div><\/div><\/div><\/div><div class=\"vc_col-sm-6 wpb_column vc_column_container\"><div class=\"vc_column-inner\"><div class=\"wpb_wrapper\"><div class=\"wpb_text_column\"><div class=\"wpb_wrapper\"><h2>Mit Leidenschaft am Werk.<\/h2>\n<\/div><\/div><div class=\"w-separator size_medium\"><\/div><div class=\"wpb_text_column\"><div class=\"wpb_wrapper\"><blockquote>\n<p>Unsere Leidenschaft f\u00fcr Schmelz\u00f6fen spiegelt sich in jedem Aspekt unserer Arbeit wider. Mit tiefem Fachwissen und langj\u00e4hriger Erfahrung entwickeln wir moderne Anlagen, die h\u00f6chste Effizienz, Sicherheit und Langlebigkeit bieten. Unser Engagement f\u00fcr Innovation treibt uns an, stets optimale L\u00f6sungen f\u00fcr anspruchsvolle Schmelzprozesse im beliebigen Ma\u00dfstab zu liefern.<\/p>\n<\/blockquote>\n<\/div><\/div><\/div><\/div><\/div><\/div><\/div><\/section><section class=\"l-section wpb_row height_medium\"><div class=\"l-section-h i-cf\"><div class=\"g-cols vc_row via_flex valign_middle type_default stacking_default\"><div class=\"vc_col-sm-6 wpb_column vc_column_container\"><div class=\"vc_column-inner\"><div class=\"wpb_wrapper\"><div class=\"wpb_text_column\"><div class=\"wpb_wrapper\"><h2>Alles aus einer Hand.<\/h2>\n<\/div><\/div><div class=\"w-separator size_medium\"><\/div><div class=\"wpb_text_column\"><div class=\"wpb_wrapper\"><blockquote>\n<p>Wir bieten eine nahtlose L\u00f6sung f\u00fcr Schmelz\u00f6fen, Gie\u00dfanlagen und Zubeh\u00f6r \u2013 alles in einer Hand. Von fortschrittlichen Schmelztechnologien bis hin zu hochmodernen Gie\u00dfl\u00f6sungen decken wir Ihren Bedarf ab. Verlassen Sie sich auf unsere Expertise f\u00fcr effiziente Prozesse und erstklassige Produkte.<\/p>\n<\/blockquote>\n<\/div><\/div><\/div><\/div><\/div><div class=\"vc_col-sm-6 wpb_column vc_column_container\"><div class=\"vc_column-inner\"><div class=\"wpb_wrapper\"><div class=\"w-slider style_none fit_scaledown nav_none count_2\"><div class=\"w-slider-h\" aria-hidden=\"true\"><div class=\"royalSlider\"><div class=\"rsContent\"><a class=\"rsImg\" data-rsw=\"1024\" data-rsh=\"742\" href=\"https:\/\/dexdo-online.de\/wp-content\/uploads\/2024\/03\/8e7c1d0ae6d99fe01555af816ef409c3.png\"><span data-alt=\"\"><\/span><\/a><\/div><div class=\"rsContent\"><a class=\"rsImg\" data-rsw=\"976\" data-rsh=\"851\" href=\"https:\/\/dexdo-online.de\/wp-content\/uploads\/2024\/03\/5c7fa8b461bea472b3d21518b117802f.png\"><span data-alt=\"\"><\/span><\/a><\/div><\/div><img decoding=\"async\" src=\"https:\/\/dexdo-online.de\/wp-content\/uploads\/2024\/03\/8e7c1d0ae6d99fe01555af816ef409c3.png\" width=\"1024\" height=\"742\" alt loading=\"lazy\"><\/div><div class=\"w-slider-json\" onclick='return {&quot;autoScaleSlider&quot;:true,&quot;addActiveClass&quot;:true,&quot;loop&quot;:true,&quot;fadeInLoadedSlide&quot;:false,&quot;slidesSpacing&quot;:0,&quot;imageScalePadding&quot;:0,&quot;numImagesToPreload&quot;:2,&quot;arrowsNav&quot;:true,&quot;arrowsNavAutoHide&quot;:false,&quot;transitionType&quot;:&quot;move&quot;,&quot;transitionSpeed&quot;:250,&quot;block&quot;:{&quot;moveEffect&quot;:&quot;none&quot;,&quot;speed&quot;:300},&quot;thumbs&quot;:{&quot;fitInViewport&quot;:false,&quot;firstMargin&quot;:false,&quot;spacing&quot;:4},&quot;controlNavigation&quot;:&quot;none&quot;,&quot;autoplay&quot;:{&quot;enabled&quot;:true,&quot;pauseOnHover&quot;:true,&quot;delay&quot;:3000},&quot;autoScaleSliderWidth&quot;:1024,&quot;autoScaleSliderHeight&quot;:742}'><\/div><\/div><\/div><\/div><\/div><\/div><\/div><\/section><section class=\"l-section wpb_row height_medium\"><div class=\"l-section-h i-cf\"><div class=\"g-cols vc_row via_flex valign_middle type_default stacking_default\"><div class=\"vc_col-sm-6 wpb_column vc_column_container\"><div class=\"vc_column-inner\"><div class=\"wpb_wrapper\"><div class=\"w-slider style_none fit_scaledown nav_none count_3\"><div class=\"w-slider-h\" aria-hidden=\"true\"><div class=\"royalSlider\"><div class=\"rsContent\"><a class=\"rsImg\" data-rsw=\"874\" data-rsh=\"827\" href=\"https:\/\/dexdo-online.de\/wp-content\/uploads\/2024\/03\/eb8579b44cc070f8d10c9d69377f0bd4.png\"><span data-alt=\"\"><\/span><\/a><\/div><div class=\"rsContent\"><a class=\"rsImg\" data-rsw=\"583\" data-rsh=\"792\" href=\"https:\/\/dexdo-online.de\/wp-content\/uploads\/2024\/03\/d6ded28f1ca49ad424f93384137fb10d.png\"><span data-alt=\"\"><\/span><\/a><\/div><div class=\"rsContent\"><a class=\"rsImg\" data-rsw=\"803\" data-rsh=\"729\" href=\"https:\/\/dexdo-online.de\/wp-content\/uploads\/2024\/03\/88c71577044ba6e560fb335444f4fd90.png\"><span data-alt=\"\"><\/span><\/a><\/div><\/div><img decoding=\"async\" src=\"https:\/\/dexdo-online.de\/wp-content\/uploads\/2024\/03\/eb8579b44cc070f8d10c9d69377f0bd4.png\" width=\"874\" height=\"827\" alt loading=\"lazy\"><\/div><div class=\"w-slider-json\" onclick='return {&quot;autoScaleSlider&quot;:true,&quot;addActiveClass&quot;:true,&quot;loop&quot;:true,&quot;fadeInLoadedSlide&quot;:false,&quot;slidesSpacing&quot;:0,&quot;imageScalePadding&quot;:0,&quot;numImagesToPreload&quot;:2,&quot;arrowsNav&quot;:true,&quot;arrowsNavAutoHide&quot;:false,&quot;transitionType&quot;:&quot;move&quot;,&quot;transitionSpeed&quot;:250,&quot;block&quot;:{&quot;moveEffect&quot;:&quot;none&quot;,&quot;speed&quot;:300},&quot;thumbs&quot;:{&quot;fitInViewport&quot;:false,&quot;firstMargin&quot;:false,&quot;spacing&quot;:4},&quot;controlNavigation&quot;:&quot;none&quot;,&quot;autoplay&quot;:{&quot;enabled&quot;:true,&quot;pauseOnHover&quot;:true,&quot;delay&quot;:3000},&quot;autoScaleSliderWidth&quot;:874,&quot;autoScaleSliderHeight&quot;:827}'><\/div><\/div><\/div><\/div><\/div><div class=\"vc_col-sm-6 wpb_column vc_column_container\"><div class=\"vc_column-inner\"><div class=\"wpb_wrapper\"><div class=\"wpb_text_column\"><div class=\"wpb_wrapper\"><h2>Die Magie der Induktionserw\u00e4rmung.<\/h2>\n<\/div><\/div><div class=\"w-separator size_medium\"><\/div><div class=\"wpb_text_column\"><div class=\"wpb_wrapper\"><blockquote>\n<p>DEXDO besch\u00e4ftigt sich in erster Linie mit dem Schmelzen, Erw\u00e4rmen oder Sintern von Edelmetall f\u00fcr eine gro\u00dfe Bandbreite von Anwendungen in der Schmuckindustrie.<\/p>\n<p>Aber was genau versteht man unter Induktion? Und wie unterscheidet sie sich von anderen Erw\u00e4rmungsverfahren?<br \/>\nEs ist faszinierend, wie Edelmetall unter Einfluss der Induktion innerhalb weniger Minuten bis zu dem Schmelzen erhitzt wird. Edelmetall wird binnen weniger Sekunden rot-gl\u00fchend bis zum Schmelzen unter Einfluss des induktiven Wechselfeldes. Diesen Prozess zu verstehen, setzt das Verst\u00e4ndnis einer Vielzahl von Fachgebieten voraus: Physik, Elektromagnetismus, Leistungselektronik und Prozesssteuerung.<\/p>\n<\/blockquote>\n<\/div><\/div><\/div><\/div><\/div><\/div><\/div><\/section><section class=\"l-section wpb_row us_custom_1551d1b6 has_text_color height_medium width_full\"><div class=\"l-section-h i-cf\"><div class=\"g-cols vc_row via_flex valign_top type_default stacking_default\"><div class=\"vc_col-sm-12 wpb_column vc_column_container\"><div class=\"vc_column-inner\"><div class=\"wpb_wrapper\"><h3 class=\"w-text us_custom_eb849559\"><span class=\"w-text-h\"><span class=\"w-text-value\">Mit diesen Firmen arbeiten wir zusammen<\/span><\/span><\/h3><div class=\"w-separator size_medium\"><\/div><div class=\"w-grid us_carousel type_carousel layout_gallery_default preload_style_spinner items_12\" id=\"us_grid_1\" style=\"--items:12;--gap:1rem;\"><style>.layout_gallery_default .w-grid-item-h{}<\/style><div class=\"w-grid-list owl-carousel valign_stretch dotstyle_circle navstyle_circle arrows-ver-pos_middle arrows-hor-pos_on_sides_outside arrows-disabled_hide owl-responsive-2000 center_item\" style=\"--transition-duration:350ms;\">\t<article class=\"w-grid-item post-8170 attachment type-attachment status-inherit hentry\" data-id=\"8170\">\r\n\t\t<div class=\"w-grid-item-h\">\r\n\t\t\t\t\t\t<div class=\"w-post-elm post_image usg_post_image_1 stretched\"><img decoding=\"async\" width=\"300\" height=\"200\" src=\"https:\/\/dexdo-online.de\/wp-content\/uploads\/2025\/03\/30df2bd230b377015795785ac34afea8.png\" class=\"attachment-large size-large\" alt=\"\" \/><\/div>\t\t<\/div>\r\n\t\t\t<\/article>\r\n\t<article class=\"w-grid-item post-8118 attachment type-attachment status-inherit hentry\" data-id=\"8118\">\r\n\t\t<div class=\"w-grid-item-h\">\r\n\t\t\t\t\t\t<div class=\"w-post-elm post_image usg_post_image_1 stretched\"><img decoding=\"async\" width=\"300\" height=\"200\" src=\"https:\/\/dexdo-online.de\/wp-content\/uploads\/2024\/07\/4e2fd5af1f5d248de4669ba2427f36c4.png\" class=\"attachment-large size-large\" alt=\"\" \/><\/div>\t\t<\/div>\r\n\t\t\t<\/article>\r\n\t<article class=\"w-grid-item post-8117 attachment type-attachment status-inherit hentry\" data-id=\"8117\">\r\n\t\t<div class=\"w-grid-item-h\">\r\n\t\t\t\t\t\t<div class=\"w-post-elm post_image usg_post_image_1 stretched\"><img decoding=\"async\" width=\"300\" height=\"200\" src=\"https:\/\/dexdo-online.de\/wp-content\/uploads\/2024\/07\/b966a24d523b7473650ae399d1b22765.png\" class=\"attachment-large size-large\" alt=\"\" \/><\/div>\t\t<\/div>\r\n\t\t\t<\/article>\r\n\t<article class=\"w-grid-item post-8116 attachment type-attachment status-inherit hentry\" data-id=\"8116\">\r\n\t\t<div class=\"w-grid-item-h\">\r\n\t\t\t\t\t\t<div class=\"w-post-elm post_image usg_post_image_1 stretched\"><img decoding=\"async\" width=\"300\" height=\"200\" src=\"https:\/\/dexdo-online.de\/wp-content\/uploads\/2024\/07\/1190f0dc17a5f8926801b0a0746b73ed.png\" class=\"attachment-large size-large\" alt=\"\" \/><\/div>\t\t<\/div>\r\n\t\t\t<\/article>\r\n\t<article class=\"w-grid-item post-8114 attachment type-attachment status-inherit hentry\" data-id=\"8114\">\r\n\t\t<div class=\"w-grid-item-h\">\r\n\t\t\t\t\t\t<div class=\"w-post-elm post_image usg_post_image_1 stretched\"><img decoding=\"async\" width=\"300\" height=\"200\" src=\"https:\/\/dexdo-online.de\/wp-content\/uploads\/2024\/07\/e1d0cf7c4b339f11261608f2067156f9.png\" class=\"attachment-large size-large\" alt=\"\" \/><\/div>\t\t<\/div>\r\n\t\t\t<\/article>\r\n\t<article class=\"w-grid-item post-8113 attachment type-attachment status-inherit hentry\" data-id=\"8113\">\r\n\t\t<div class=\"w-grid-item-h\">\r\n\t\t\t\t\t\t<div class=\"w-post-elm post_image usg_post_image_1 stretched\"><img decoding=\"async\" width=\"300\" height=\"200\" src=\"https:\/\/dexdo-online.de\/wp-content\/uploads\/2024\/07\/ed5c56371aa7424b37c79345a90e24ee.png\" class=\"attachment-large size-large\" alt=\"\" \/><\/div>\t\t<\/div>\r\n\t\t\t<\/article>\r\n\t<article class=\"w-grid-item post-8112 attachment type-attachment status-inherit hentry\" data-id=\"8112\">\r\n\t\t<div class=\"w-grid-item-h\">\r\n\t\t\t\t\t\t<div class=\"w-post-elm post_image usg_post_image_1 stretched\"><img decoding=\"async\" width=\"300\" height=\"200\" src=\"https:\/\/dexdo-online.de\/wp-content\/uploads\/2024\/07\/c1db7ca9b1e2a308744b74666d0570d1.png\" class=\"attachment-large size-large\" alt=\"\" \/><\/div>\t\t<\/div>\r\n\t\t\t<\/article>\r\n\t<article class=\"w-grid-item post-8111 attachment type-attachment status-inherit hentry\" data-id=\"8111\">\r\n\t\t<div class=\"w-grid-item-h\">\r\n\t\t\t\t\t\t<div class=\"w-post-elm post_image usg_post_image_1 stretched\"><img decoding=\"async\" width=\"300\" height=\"200\" src=\"https:\/\/dexdo-online.de\/wp-content\/uploads\/2024\/07\/75ab3491f987b22114354115334e6889.png\" class=\"attachment-large size-large\" alt=\"\" \/><\/div>\t\t<\/div>\r\n\t\t\t<\/article>\r\n\t<article class=\"w-grid-item post-8110 attachment type-attachment status-inherit hentry\" data-id=\"8110\">\r\n\t\t<div class=\"w-grid-item-h\">\r\n\t\t\t\t\t\t<div class=\"w-post-elm post_image usg_post_image_1 stretched\"><img decoding=\"async\" width=\"300\" height=\"200\" src=\"https:\/\/dexdo-online.de\/wp-content\/uploads\/2024\/07\/418e2fd214857bfa49ef6ac6608ba4c7.png\" class=\"attachment-large size-large\" alt=\"\" \/><\/div>\t\t<\/div>\r\n\t\t\t<\/article>\r\n\t<article class=\"w-grid-item post-8109 attachment type-attachment status-inherit hentry\" data-id=\"8109\">\r\n\t\t<div class=\"w-grid-item-h\">\r\n\t\t\t\t\t\t<div class=\"w-post-elm post_image usg_post_image_1 stretched\"><img decoding=\"async\" width=\"300\" height=\"200\" src=\"https:\/\/dexdo-online.de\/wp-content\/uploads\/2024\/07\/a1ef2bc0e3d5253a11c0e1e49d40d02a.png\" class=\"attachment-large size-large\" alt=\"\" \/><\/div>\t\t<\/div>\r\n\t\t\t<\/article>\r\n\t<article class=\"w-grid-item post-8108 attachment type-attachment status-inherit hentry\" data-id=\"8108\">\r\n\t\t<div class=\"w-grid-item-h\">\r\n\t\t\t\t\t\t<div class=\"w-post-elm post_image usg_post_image_1 stretched\"><img decoding=\"async\" width=\"300\" height=\"200\" src=\"https:\/\/dexdo-online.de\/wp-content\/uploads\/2024\/07\/5a404ca4203e67014e180baa682b2999.png\" class=\"attachment-large size-large\" alt=\"\" \/><\/div>\t\t<\/div>\r\n\t\t\t<\/article>\r\n\t<article class=\"w-grid-item post-8107 attachment type-attachment status-inherit hentry\" data-id=\"8107\">\r\n\t\t<div class=\"w-grid-item-h\">\r\n\t\t\t\t\t\t<div class=\"w-post-elm post_image usg_post_image_1 stretched\"><img decoding=\"async\" width=\"300\" height=\"200\" src=\"https:\/\/dexdo-online.de\/wp-content\/uploads\/2024\/07\/4c056da5936a8ea3c09fabf9e9557f00.png\" class=\"attachment-large size-large\" alt=\"\" \/><\/div>\t\t<\/div>\r\n\t\t\t<\/article>\r\n\t<article class=\"w-grid-item post-8106 attachment type-attachment status-inherit hentry\" data-id=\"8106\">\r\n\t\t<div class=\"w-grid-item-h\">\r\n\t\t\t\t\t\t<div class=\"w-post-elm post_image usg_post_image_1 stretched\"><img decoding=\"async\" width=\"300\" height=\"200\" src=\"https:\/\/dexdo-online.de\/wp-content\/uploads\/2024\/07\/1593026a0e269fd5534dd2d9da5aca2f.png\" class=\"attachment-large size-large\" alt=\"\" \/><\/div>\t\t<\/div>\r\n\t\t\t<\/article>\r\n\t<article class=\"w-grid-item post-8105 attachment type-attachment status-inherit hentry\" data-id=\"8105\">\r\n\t\t<div class=\"w-grid-item-h\">\r\n\t\t\t\t\t\t<div class=\"w-post-elm post_image usg_post_image_1 stretched\"><img decoding=\"async\" width=\"300\" height=\"200\" src=\"https:\/\/dexdo-online.de\/wp-content\/uploads\/2024\/07\/16371ea516084642b41bc644c0a3b791.png\" class=\"attachment-large size-large\" alt=\"\" \/><\/div>\t\t<\/div>\r\n\t\t\t<\/article>\r\n\t<article class=\"w-grid-item post-8104 attachment type-attachment status-inherit hentry\" data-id=\"8104\">\r\n\t\t<div class=\"w-grid-item-h\">\r\n\t\t\t\t\t\t<div class=\"w-post-elm post_image usg_post_image_1 stretched\"><img decoding=\"async\" width=\"300\" height=\"200\" src=\"https:\/\/dexdo-online.de\/wp-content\/uploads\/2024\/07\/fe7487ccce6854cd0615ce74f5889c73.png\" class=\"attachment-large size-large\" alt=\"\" \/><\/div>\t\t<\/div>\r\n\t\t\t<\/article>\r\n\t<article class=\"w-grid-item post-8103 attachment type-attachment status-inherit hentry\" data-id=\"8103\">\r\n\t\t<div class=\"w-grid-item-h\">\r\n\t\t\t\t\t\t<div class=\"w-post-elm post_image usg_post_image_1 stretched\"><img decoding=\"async\" width=\"300\" height=\"200\" src=\"https:\/\/dexdo-online.de\/wp-content\/uploads\/2024\/07\/44e7c83b4a3ef43b3a67821b4e9e8372.png\" class=\"attachment-large size-large\" alt=\"\" \/><\/div>\t\t<\/div>\r\n\t\t\t<\/article>\r\n<\/div><div class=\"w-grid-carousel-json hidden\" onclick='return {&quot;carousel_settings&quot;:{&quot;aria_labels&quot;:{&quot;prev&quot;:&quot;Previous&quot;,&quot;next&quot;:&quot;Next&quot;},&quot;autoplayContinual&quot;:true,&quot;autoplayHoverPause&quot;:false,&quot;autoplayTimeout&quot;:3000,&quot;autoWidth&quot;:false,&quot;smartSpeed&quot;:350,&quot;margin&quot;:0,&quot;mouseDrag&quot;:true,&quot;rtl&quot;:false,&quot;slideBy&quot;:&quot;1&quot;,&quot;touchDrag&quot;:true,&quot;slideTransition&quot;:&quot;&quot;,&quot;responsive&quot;:{&quot;0&quot;:{&quot;autoHeight&quot;:false,&quot;autoplay&quot;:true,&quot;autoWidth&quot;:false,&quot;center&quot;:true,&quot;dots&quot;:false,&quot;items&quot;:4,&quot;loop&quot;:true,&quot;nav&quot;:false,&quot;stagePadding&quot;:0,&quot;slideBy&quot;:&quot;1&quot;},&quot;601&quot;:{&quot;autoHeight&quot;:false,&quot;autoplay&quot;:true,&quot;autoWidth&quot;:false,&quot;center&quot;:true,&quot;dots&quot;:false,&quot;items&quot;:6,&quot;loop&quot;:true,&quot;nav&quot;:false,&quot;stagePadding&quot;:0,&quot;slideBy&quot;:&quot;1&quot;},&quot;1025&quot;:{&quot;autoHeight&quot;:false,&quot;autoplay&quot;:true,&quot;autoWidth&quot;:false,&quot;center&quot;:true,&quot;dots&quot;:false,&quot;items&quot;:8,&quot;loop&quot;:true,&quot;nav&quot;:false,&quot;stagePadding&quot;:0,&quot;slideBy&quot;:&quot;1&quot;},&quot;1441&quot;:{&quot;items&quot;:12,&quot;autoplay&quot;:true,&quot;center&quot;:true,&quot;dots&quot;:false,&quot;nav&quot;:false,&quot;autoHeight&quot;:false,&quot;autoWidth&quot;:false,&quot;loop&quot;:true,&quot;stagePadding&quot;:0}}}}'><\/div><\/div><\/div><\/div><\/div><\/div><\/div><\/section>","protected":false},"excerpt":{"rendered":"","protected":false},"author":2,"featured_media":0,"parent":0,"menu_order":0,"comment_status":"closed","ping_status":"closed","template":"","meta":{"footnotes":""},"class_list":["post-1293","page","type-page","status-publish","hentry"],"acf":[],"_links":{"self":[{"href":"https:\/\/dexdo-online.de\/en\/wp-json\/wp\/v2\/pages\/1293","targetHints":{"allow":["GET"]}}],"collection":[{"href":"https:\/\/dexdo-online.de\/en\/wp-json\/wp\/v2\/pages"}],"about":[{"href":"https:\/\/dexdo-online.de\/en\/wp-json\/wp\/v2\/types\/page"}],"author":[{"embeddable":true,"href":"https:\/\/dexdo-online.de\/en\/wp-json\/wp\/v2\/users\/2"}],"replies":[{"embeddable":true,"href":"https:\/\/dexdo-online.de\/en\/wp-json\/wp\/v2\/comments?post=1293"}],"version-history":[{"count":94,"href":"https:\/\/dexdo-online.de\/en\/wp-json\/wp\/v2\/pages\/1293\/revisions"}],"predecessor-version":[{"id":8174,"href":"https:\/\/dexdo-online.de\/en\/wp-json\/wp\/v2\/pages\/1293\/revisions\/8174"}],"wp:attachment":[{"href":"https:\/\/dexdo-online.de\/en\/wp-json\/wp\/v2\/media?parent=1293"}],"curies":[{"name":"wp","href":"https:\/\/api.w.org\/{rel}","templated":true}]}}