{"id":8316,"date":"2025-05-19T11:22:31","date_gmt":"2025-05-19T09:22:31","guid":{"rendered":"https:\/\/dexdo-online.de\/?page_id=8316"},"modified":"2025-05-21T12:26:58","modified_gmt":"2025-05-21T10:26:58","slug":"dokumentationszentrum","status":"publish","type":"page","link":"https:\/\/dexdo-online.de\/en\/dokumentationszentrum","title":{"rendered":"Dokumentationszentrum"},"content":{"rendered":"<section class=\"l-section wpb_row height_medium\"><div class=\"l-section-h i-cf\"><div class=\"g-cols vc_row via_flex valign_top type_default stacking_default\"><div class=\"vc_col-sm-12 wpb_column vc_column_container\"><div class=\"vc_column-inner\"><div class=\"wpb_wrapper\"><h2 class=\"w-text us_custom_eb849559\"><span class=\"w-text-h\"><span class=\"w-text-value\">Dokumentationszentrum<\/span><\/span><\/h2><\/div><\/div><\/div><\/div><\/div><\/section><section class=\"l-section wpb_row height_medium\"><div class=\"l-section-h i-cf\"><div class=\"g-cols vc_row via_flex valign_top type_default stacking_default\"><div class=\"vc_col-sm-6 wpb_column vc_column_container\"><div class=\"vc_column-inner\"><div class=\"wpb_wrapper\"><div class=\"w-text us_custom_fa805a05 icon_atleft\"><a target=\"_blank\" href=\"https:\/\/dexdo-online.de\/wp-content\/uploads\/2025\/05\/1.-Gold-Silbermuenzenproduktion.pdf\" class=\"w-text-h\"><i class=\"fal fa-download\"><\/i><span class=\"w-text-value\">1. Gold-Silberm\u00fcnzenproduktion<\/span><\/a><\/div><div class=\"w-text us_custom_fa805a05 icon_atleft\"><a target=\"_blank\" href=\"https:\/\/dexdo-online.de\/wp-content\/uploads\/2025\/05\/1kg-Barrengiessmaschine.pdf\" class=\"w-text-h\"><i class=\"fal fa-download\"><\/i><span class=\"w-text-value\">1kg Barrengie\u00dfmaschine<\/span><\/a><\/div><div class=\"w-text us_custom_fa805a05 icon_atleft\"><a target=\"_blank\" href=\"https:\/\/dexdo-online.de\/wp-content\/uploads\/2025\/05\/2-4kg-Platinschmelzofen.pdf\" class=\"w-text-h\"><i class=\"fal fa-download\"><\/i><span class=\"w-text-value\">2-4kg Platinschmelzofen<\/span><\/a><\/div><div class=\"w-text us_custom_fa805a05 icon_atleft\"><a target=\"_blank\" href=\"https:\/\/dexdo-online.de\/wp-content\/uploads\/2025\/05\/2-12kg-Goldschmelzofen.pdf\" class=\"w-text-h\"><i class=\"fal fa-download\"><\/i><span class=\"w-text-value\">2-12kg Goldschmelzofen<\/span><\/a><\/div><div class=\"w-text us_custom_fa805a05 icon_atleft\"><a target=\"_blank\" href=\"https:\/\/dexdo-online.de\/wp-content\/uploads\/2025\/05\/3.-Veredelung-von-Altgold.pdf\" class=\"w-text-h\"><i class=\"fal fa-download\"><\/i><span class=\"w-text-value\">3. Veredelung von Altgold<\/span><\/a><\/div><div class=\"w-text us_custom_fa805a05 icon_atleft\"><a target=\"_blank\" href=\"https:\/\/dexdo-online.de\/wp-content\/uploads\/2025\/05\/5.Produktionsloesungen-fuer-Schmuckgiessereien.pdf\" class=\"w-text-h\"><i class=\"fal fa-download\"><\/i><span class=\"w-text-value\">5.Produktionsl\u00f6sungen f\u00fcr Schmuckgie\u00dfereien<\/span><\/a><\/div><div class=\"w-text us_custom_fa805a05 icon_atleft\"><a target=\"_blank\" href=\"https:\/\/dexdo-online.de\/wp-content\/uploads\/2025\/05\/5-8-kg-DSP-Goldschmelzofen.pdf\" class=\"w-text-h\"><i class=\"fal fa-download\"><\/i><span class=\"w-text-value\">5-8 kg DSP Goldschmelzofen<\/span><\/a><\/div><div class=\"w-text us_custom_fa805a05 icon_atleft\"><a target=\"_blank\" href=\"https:\/\/dexdo-online.de\/wp-content\/uploads\/2025\/05\/6.-Alt-Gold-Silber-Palatinschmelzen-und-Verarbeitung.pdf\" class=\"w-text-h\"><i class=\"fal fa-download\"><\/i><span class=\"w-text-value\">6. Alt Gold-Silber-Palatinschmelzen und Verarbeitung<\/span><\/a><\/div><div class=\"w-text us_custom_fa805a05 icon_atleft\"><a target=\"_blank\" href=\"https:\/\/dexdo-online.de\/wp-content\/uploads\/2025\/05\/Alpha-for-Englisch.pdf\" class=\"w-text-h\"><i class=\"fal fa-download\"><\/i><span class=\"w-text-value\">Alpha for Englisch<\/span><\/a><\/div><div class=\"w-text us_custom_fa805a05 icon_atleft\"><a target=\"_blank\" href=\"https:\/\/dexdo-online.de\/wp-content\/uploads\/2025\/05\/Beta-auf-Deutsch.pdf\" class=\"w-text-h\"><i class=\"fal fa-download\"><\/i><span class=\"w-text-value\">Beta auf Deutsch<\/span><\/a><\/div><div class=\"w-text us_custom_fa805a05 icon_atleft\"><a target=\"_blank\" href=\"https:\/\/dexdo-online.de\/wp-content\/uploads\/2025\/05\/BETA00470Anleitung.pdf\" class=\"w-text-h\"><i class=\"fal fa-download\"><\/i><span class=\"w-text-value\">BETA00470Anleitung<\/span><\/a><\/div><div class=\"w-text us_custom_fa805a05 icon_atleft\"><a target=\"_blank\" href=\"https:\/\/dexdo-online.de\/wp-content\/uploads\/2025\/05\/DVC-III-Promotionsseite.pdf\" class=\"w-text-h\"><i class=\"fal fa-download\"><\/i><span class=\"w-text-value\">DVC-III Promotionsseite<\/span><\/a><\/div><div class=\"w-text us_custom_fa805a05 icon_atleft\"><a target=\"_blank\" href=\"https:\/\/dexdo-online.de\/wp-content\/uploads\/2025\/05\/Kaltwassersatz_FIC-3A-FIC-6A.pdf\" class=\"w-text-h\"><i class=\"fal fa-download\"><\/i><span class=\"w-text-value\">Kaltwassersatz_FIC-3A-FIC-6A<\/span><\/a><\/div><div class=\"w-text us_custom_fa805a05 icon_atleft\"><a target=\"_blank\" href=\"https:\/\/dexdo-online.de\/wp-content\/uploads\/2025\/05\/Mini-Goldschmelzer-Werbung.pdf\" class=\"w-text-h\"><i class=\"fal fa-download\"><\/i><span class=\"w-text-value\">Mini Goldschmelzer Werbung<\/span><\/a><\/div><div class=\"w-text us_custom_fa805a05 icon_atleft\"><a target=\"_blank\" href=\"https:\/\/dexdo-online.de\/wp-content\/uploads\/2025\/05\/Schulung-Checkliste.pdf\" class=\"w-text-h\"><i class=\"fal fa-download\"><\/i><span class=\"w-text-value\">Schulung-Checkliste<\/span><\/a><\/div><\/div><\/div><\/div><div class=\"vc_col-sm-6 wpb_column vc_column_container\"><div class=\"vc_column-inner\"><div class=\"wpb_wrapper\"><div class=\"w-text us_custom_fa805a05 icon_atleft\"><a target=\"_blank\" href=\"https:\/\/dexdo-online.de\/wp-content\/uploads\/2025\/05\/1-2kg-Mini-Induktionsofen-Kurzanleitung.pdf\" class=\"w-text-h\"><i class=\"fal fa-download\"><\/i><span class=\"w-text-value\">1-2kg Mini Induktionsofen Kurzanleitung<\/span><\/a><\/div><div class=\"w-text us_custom_fa805a05 icon_atleft\"><a target=\"_blank\" href=\"https:\/\/dexdo-online.de\/wp-content\/uploads\/2025\/05\/2.9999-God-Silber-Barren.pdf\" class=\"w-text-h\"><i class=\"fal fa-download\"><\/i><span class=\"w-text-value\">2.9999 God-Silber Barren<\/span><\/a><\/div><div class=\"w-text us_custom_fa805a05 icon_atleft\"><a target=\"_blank\" href=\"https:\/\/dexdo-online.de\/wp-content\/uploads\/2025\/05\/2-6kg-DSP-Goldschmelzofen.pdf\" class=\"w-text-h\"><i class=\"fal fa-download\"><\/i><span class=\"w-text-value\">2-6kg DSP Goldschmelzofen<\/span><\/a><\/div><div class=\"w-text us_custom_fa805a05 icon_atleft\"><a target=\"_blank\" href=\"https:\/\/dexdo-online.de\/wp-content\/uploads\/2025\/05\/3.-Veredelung-von-Altgold-bis-Barren.pdf\" class=\"w-text-h\"><i class=\"fal fa-download\"><\/i><span class=\"w-text-value\">3. Veredelung von Altgold bis Barren<\/span><\/a><\/div><div class=\"w-text us_custom_fa805a05 icon_atleft\"><a target=\"_blank\" href=\"https:\/\/dexdo-online.de\/wp-content\/uploads\/2025\/05\/4.-Recycling-von-Edelmetallabfaellen.pdf\" class=\"w-text-h\"><i class=\"fal fa-download\"><\/i><span class=\"w-text-value\">4. Recycling von Edelmetallabf\u00e4llen<\/span><\/a><\/div><div class=\"w-text us_custom_fa805a05 icon_atleft\"><a target=\"_blank\" href=\"https:\/\/dexdo-online.de\/wp-content\/uploads\/2025\/05\/5-8-kg-beta-Goldschmelzofen.pdf\" class=\"w-text-h\"><i class=\"fal fa-download\"><\/i><span class=\"w-text-value\">5-8 kg beta-Goldschmelzofen<\/span><\/a><\/div><div class=\"w-text us_custom_fa805a05 icon_atleft\"><a target=\"_blank\" href=\"https:\/\/dexdo-online.de\/wp-content\/uploads\/2025\/05\/5kg-Dauergussmaschine-Promotionsseite.pdf\" class=\"w-text-h\"><i class=\"fal fa-download\"><\/i><span class=\"w-text-value\">5kg Dauergussmaschine Promotionsseite<\/span><\/a><\/div><div class=\"w-text us_custom_fa805a05 icon_atleft\"><a target=\"_blank\" href=\"https:\/\/dexdo-online.de\/wp-content\/uploads\/2025\/05\/7kg-Granuliermaschine.pdf\" class=\"w-text-h\"><i class=\"fal fa-download\"><\/i><span class=\"w-text-value\">7kg Granuliermaschine<\/span><\/a><\/div><div class=\"w-text us_custom_fa805a05 icon_atleft\"><a target=\"_blank\" href=\"https:\/\/dexdo-online.de\/wp-content\/uploads\/2025\/05\/Alpha-Werbeseite-Deutsch.pdf\" class=\"w-text-h\"><i class=\"fal fa-download\"><\/i><span class=\"w-text-value\">Alpha Werbeseite Deutsch<\/span><\/a><\/div><div class=\"w-text us_custom_fa805a05 icon_atleft\"><a target=\"_blank\" href=\"https:\/\/dexdo-online.de\/wp-content\/uploads\/2025\/05\/Beta-for-Englisch.pdf\" class=\"w-text-h\"><i class=\"fal fa-download\"><\/i><span class=\"w-text-value\">Beta for Englisch<\/span><\/a><\/div><div class=\"w-text us_custom_fa805a05 icon_atleft\"><a target=\"_blank\" href=\"https:\/\/dexdo-online.de\/wp-content\/uploads\/2025\/05\/Beta-Uebersetzung-auf-Englisch.pdf\" class=\"w-text-h\"><i class=\"fal fa-download\"><\/i><span class=\"w-text-value\">Beta-\u00dcbersetzung auf Englisch<\/span><\/a><\/div><div class=\"w-text us_custom_fa805a05 icon_atleft\"><a target=\"_blank\" href=\"https:\/\/dexdo-online.de\/wp-content\/uploads\/2025\/05\/Grafikquartz-Album.pdf\" class=\"w-text-h\"><i class=\"fal fa-download\"><\/i><span class=\"w-text-value\">Grafikquartz-Album<\/span><\/a><\/div><div class=\"w-text us_custom_fa805a05 icon_atleft\"><a target=\"_blank\" href=\"https:\/\/dexdo-online.de\/wp-content\/uploads\/2025\/05\/Kaltwassersatz_FIC-8A-FIC-12A.pdf\" class=\"w-text-h\"><i class=\"fal fa-download\"><\/i><span class=\"w-text-value\">Kaltwassersatz_FIC-8A-FIC-12A<\/span><\/a><\/div><div class=\"w-text us_custom_fa805a05 icon_atleft\"><a target=\"_blank\" href=\"https:\/\/dexdo-online.de\/wp-content\/uploads\/2025\/05\/Stranggussanlage.pdf\" class=\"w-text-h\"><i class=\"fal fa-download\"><\/i><span class=\"w-text-value\">Stranggussanlage<\/span><\/a><\/div><div class=\"w-text us_custom_fa805a05 icon_atleft\"><a target=\"_blank\" href=\"https:\/\/dexdo-online.de\/wp-content\/uploads\/2025\/05\/schmelzofen2-8kg.pdf\" class=\"w-text-h\"><i class=\"fal fa-download\"><\/i><span class=\"w-text-value\">schmelzofen2-8kg<\/span><\/a><\/div><\/div><\/div><\/div><\/div><\/div><\/section>","protected":false},"excerpt":{"rendered":"Dokumentationszentrum1. Gold-Silberm\u00fcnzenproduktion1kg Barrengie\u00dfmaschine2-4kg Platinschmelzofen2-12kg Goldschmelzofen3. Veredelung von Altgold5.Produktionsl\u00f6sungen f\u00fcr Schmuckgie\u00dfereien5-8 kg DSP Goldschmelzofen6. Alt Gold-Silber-Palatinschmelzen und VerarbeitungAlpha for EnglischBeta auf DeutschBETA00470AnleitungDVC-III PromotionsseiteKaltwassersatz_FIC-3A-FIC-6AMini Goldschmelzer WerbungSchulung-Checkliste1-2kg Mini Induktionsofen Kurzanleitung2.9999 God-Silber Barren2-6kg DSP Goldschmelzofen3. Veredelung von Altgold bis Barren4. Recycling von Edelmetallabf\u00e4llen5-8 kg beta-Goldschmelzofen5kg Dauergussmaschine Promotionsseite7kg GranuliermaschineAlpha Werbeseite DeutschBeta for EnglischBeta-\u00dcbersetzung auf EnglischGrafikquartz-AlbumKaltwassersatz_FIC-8A-FIC-12AStranggussanlageschmelzofen2-8kg","protected":false},"author":3,"featured_media":0,"parent":0,"menu_order":0,"comment_status":"closed","ping_status":"closed","template":"","meta":{"footnotes":""},"class_list":["post-8316","page","type-page","status-publish","hentry"],"acf":[],"_links":{"self":[{"href":"https:\/\/dexdo-online.de\/en\/wp-json\/wp\/v2\/pages\/8316","targetHints":{"allow":["GET"]}}],"collection":[{"href":"https:\/\/dexdo-online.de\/en\/wp-json\/wp\/v2\/pages"}],"about":[{"href":"https:\/\/dexdo-online.de\/en\/wp-json\/wp\/v2\/types\/page"}],"author":[{"embeddable":true,"href":"https:\/\/dexdo-online.de\/en\/wp-json\/wp\/v2\/users\/3"}],"replies":[{"embeddable":true,"href":"https:\/\/dexdo-online.de\/en\/wp-json\/wp\/v2\/comments?post=8316"}],"version-history":[{"count":14,"href":"https:\/\/dexdo-online.de\/en\/wp-json\/wp\/v2\/pages\/8316\/revisions"}],"predecessor-version":[{"id":8377,"href":"https:\/\/dexdo-online.de\/en\/wp-json\/wp\/v2\/pages\/8316\/revisions\/8377"}],"wp:attachment":[{"href":"https:\/\/dexdo-online.de\/en\/wp-json\/wp\/v2\/media?parent=8316"}],"curies":[{"name":"wp","href":"https:\/\/api.w.org\/{rel}","templated":true}]}}