{"id":8444,"date":"2025-12-20T05:45:23","date_gmt":"2025-12-20T04:45:23","guid":{"rendered":"https:\/\/dexdo-online.de\/?page_id=8444"},"modified":"2025-12-20T05:45:23","modified_gmt":"2025-12-20T04:45:23","slug":"impressum","status":"publish","type":"page","link":"https:\/\/dexdo-online.de\/en\/impressum","title":{"rendered":"Impressum"},"content":{"rendered":"<section class=\"l-section wpb_row height_custom\">\n<div class=\"l-section-h i-cf\">\n<div class=\"g-cols vc_row via_grid cols_1 laptops-cols_inherit tablets-cols_inherit mobiles-cols_1 valign_top type_default stacking_default\">\n<div class=\"wpb_column vc_column_container\">\n<div class=\"vc_column-inner\">\n<div class=\"wpb_text_column\">\n<div class=\"wpb_wrapper\">\n<p>DEXDO GmbH<\/p>\n<p>Winchester Str. 2<br \/>\n35394 Gie\u00dfen<br \/>\nDeutschland<\/p>\n<p>E-Mail: marktplatz@dexdo-online.de<\/p>\n<p>Gesch\u00e4ftsf\u00fchrer: Yilin Wang<\/p>\n<p>Handelsregister: Amtsgericht Gie\u00dfen, HRB 9240<\/p>\n<p>Umsatzsteuer-Identifikationsnummer: DE 306048920<\/p>\n<p>Online-Streitbeilegung gem\u00e4\u00df Art. 14 Abs. 1 ODR-VO: Die Europ\u00e4ische Kommission stellt eine Plattform zur Online-Streitbeilegung (OS) bereit, die Sie unter\u00a0<a href=\"http:\/\/ec.europa.eu\/consumers\/odr\/\" target=\"_blank\" rel=\"noopener\">http:\/\/ec.europa.eu\/consumers\/odr\/<\/a>\u00a0finden.<\/p>\n<div class=\"woocommerce woocommerce-gzd woocommerce-gzd-complaints-shortcode\">\n<h4>Alternative Dispute Resolution in accordance with Art. 14 (1) ODR-VO and \u00a7 36 VSBG:<\/h4>\n<p>Die Europ\u00e4ische Kommission stellt eine Plattform zur Online-Streitbeilegung (OS) bereit, die du unter\u00a0<a href=\"https:\/\/ec.europa.eu\/consumers\/odr\" target=\"_blank\" rel=\"noopener\">https:\/\/ec.europa.eu\/consumers\/odr<\/a>\u00a0findest. Verbraucher haben die M\u00f6glichkeit, sich f\u00fcr die Beilegung ihrer Streitigkeiten an [Name, Anschrift, Webseite der Schlichtungsstelle] zu wenden. Wir sind verpflichtet, an Verfahren zur Streitbeilegung vor dieser Stelle teilzunehmen. Wir werden an einem solchen Verfahren teilnehmen.<\/p>\n<\/div>\n<\/div>\n<\/div>\n<\/div>\n<\/div>\n<\/div>\n<\/div>\n<\/section>\n","protected":false},"excerpt":{"rendered":"<p>DEXDO GmbH Winchester Str. 2 35394 Gie\u00dfen Deutschland E-Mail: marktplatz@dexdo-online.de Gesch\u00e4ftsf\u00fchrer: Yilin Wang Handelsregister: Amtsgericht Gie\u00dfen, HRB 9240 Umsatzsteuer-Identifikationsnummer: DE 306048920 Online-Streitbeilegung gem\u00e4\u00df Art. 14 Abs. 1 ODR-VO: Die Europ\u00e4ische Kommission stellt eine Plattform zur Online-Streitbeilegung (OS) bereit, die Sie unter\u00a0http:\/\/ec.europa.eu\/consumers\/odr\/\u00a0finden. Alternative Dispute Resolution in accordance with Art. 14 (1) ODR-VO and \u00a7 36 VSBG:&#8230;<\/p>","protected":false},"author":3,"featured_media":0,"parent":0,"menu_order":0,"comment_status":"closed","ping_status":"closed","template":"","meta":{"footnotes":""},"class_list":["post-8444","page","type-page","status-publish","hentry"],"acf":[],"_links":{"self":[{"href":"https:\/\/dexdo-online.de\/en\/wp-json\/wp\/v2\/pages\/8444","targetHints":{"allow":["GET"]}}],"collection":[{"href":"https:\/\/dexdo-online.de\/en\/wp-json\/wp\/v2\/pages"}],"about":[{"href":"https:\/\/dexdo-online.de\/en\/wp-json\/wp\/v2\/types\/page"}],"author":[{"embeddable":true,"href":"https:\/\/dexdo-online.de\/en\/wp-json\/wp\/v2\/users\/3"}],"replies":[{"embeddable":true,"href":"https:\/\/dexdo-online.de\/en\/wp-json\/wp\/v2\/comments?post=8444"}],"version-history":[{"count":1,"href":"https:\/\/dexdo-online.de\/en\/wp-json\/wp\/v2\/pages\/8444\/revisions"}],"predecessor-version":[{"id":8445,"href":"https:\/\/dexdo-online.de\/en\/wp-json\/wp\/v2\/pages\/8444\/revisions\/8445"}],"wp:attachment":[{"href":"https:\/\/dexdo-online.de\/en\/wp-json\/wp\/v2\/media?parent=8444"}],"curies":[{"name":"wp","href":"https:\/\/api.w.org\/{rel}","templated":true}]}}