{"id":7565,"date":"2023-06-23T22:08:04","date_gmt":"2023-06-23T20:08:04","guid":{"rendered":"https:\/\/dexdo-online.de\/?post_type=product&#038;p=7565"},"modified":"2023-06-23T22:13:04","modified_gmt":"2023-06-23T20:13:04","slug":"easythreed-3d-drucker-magnum-druckt-autark-ohne-pc","status":"publish","type":"product","link":"https:\/\/dexdo-online.de\/en\/product\/easythreed-3d-drucker-magnum-druckt-autark-ohne-pc","title":{"rendered":"EasyThreed 3D-Drucker | Magnum | druckt autark, ohne PC"},"content":{"rendered":"<p>Es handelt sich um den MAGNUM 3D-Drucker der Firma EasyThreed. Mit diesem steigen Sie ganz leicht in die wunderbare Welt des 3D-Drucks ein.<\/p>\n<table style=\"border-collapse: collapse; width: 442pt;\" border=\"10\" width=\"589\" cellspacing=\"0\" cellpadding=\"0\">\n<colgroup>\n<col style=\"mso-width-source: userset; mso-width-alt: 9508; width: 195pt;\" width=\"260\" \/>\n<col style=\"mso-width-source: userset; mso-width-alt: 12032; width: 247pt;\" width=\"329\" \/> <\/colgroup>\n<tbody>\n<tr style=\"mso-height-source: userset; height: 20.1pt;\">\n<td style=\"margin: 0px; border: 0.66px solid #000000; width: 195pt; height: 20.1pt; background-color: transparent;\" width=\"260\" height=\"26\">\n<div align=\"center\"><b>Marke<\/b><\/div>\n<\/td>\n<td style=\"border-width: 0.66px 0.66px 0.66px 0px; border-style: solid solid solid none; border-color: #000000; margin: 0px; width: 247pt; background-color: transparent;\" width=\"329\">\n<div align=\"center\">Easythreed\/OEM\/ODM<\/div>\n<\/td>\n<\/tr>\n<tr style=\"height: 15.0pt;\">\n<td style=\"border-width: 0px 0.66px 0.66px; border-style: none solid solid; border-color: #000000; margin: 0px; height: 15pt; background-color: transparent;\" height=\"20\">\n<div align=\"center\"><b>Drucktechnologie<\/b><\/div>\n<\/td>\n<td style=\"border-width: 0px 0.66px 0.66px 0px; border-style: none solid solid none; border-color: #000000; margin: 0px; background-color: transparent;\">\n<div align=\"center\">FDM<\/div>\n<\/td>\n<\/tr>\n<tr style=\"height: 15.0pt;\">\n<td style=\"border-width: 0px 0.66px 0.66px; border-style: none solid solid; border-color: #000000; margin: 0px; height: 15pt; background-color: transparent;\" height=\"20\">\n<div align=\"center\"><b>Automatische Druckbetteinstellung<\/b><\/div>\n<\/td>\n<td style=\"border-width: 0px 0.66px 0.66px 0px; border-style: none solid solid none; border-color: #000000; margin: 0px; background-color: transparent;\">\n<div align=\"center\">ja<\/div>\n<\/td>\n<\/tr>\n<tr style=\"height: 15.0pt;\">\n<td style=\"border-width: 0px 0.66px 0.66px; border-style: none solid solid; border-color: #000000; margin: 0px; height: 15pt; background-color: transparent;\" height=\"20\">\n<div align=\"center\"><b>Farben<\/b><\/div>\n<\/td>\n<td style=\"border-width: 0px 0.66px 0.66px 0px; border-style: none solid solid none; border-color: #000000; margin: 0px; background-color: transparent;\">\n<div align=\"center\">Orange, Rot oder Schwarz<\/div>\n<\/td>\n<\/tr>\n<tr style=\"height: 15.0pt;\">\n<td style=\"border-width: 0px 0.66px 0.66px; border-style: none solid solid; border-color: #000000; margin: 0px; height: 15pt; background-color: transparent;\" height=\"20\">\n<div align=\"center\"><b>Druckgr\u00f6\u00dfe<\/b><\/div>\n<\/td>\n<td style=\"border-width: 0px 0.66px 0.66px 0px; border-style: none solid solid none; border-color: #000000; margin: 0px; background-color: transparent;\">\n<div align=\"center\">200x185x190 mm<\/div>\n<\/td>\n<\/tr>\n<tr style=\"height: 15.0pt;\">\n<td style=\"border-width: 0px 0.66px 0.66px; border-style: none solid solid; border-color: #000000; margin: 0px; height: 15pt; background-color: transparent;\" height=\"20\">\n<div align=\"center\"><b>D\u00fcsenanzahl<\/b><\/div>\n<\/td>\n<td style=\"border-width: 0px 0.66px 0.66px 0px; border-style: none solid solid none; border-color: #000000; margin: 0px; background-color: transparent;\">\n<div align=\"center\">1<\/div>\n<\/td>\n<\/tr>\n<tr style=\"height: 15.0pt;\">\n<td style=\"border-width: 0px 0.66px 0.66px; border-style: none solid solid; border-color: #000000; margin: 0px; height: 15pt; background-color: transparent;\" height=\"20\">\n<div align=\"center\"><b>D\u00fcsendurchmesser<\/b><\/div>\n<\/td>\n<td style=\"border-width: 0px 0.66px 0.66px 0px; border-style: none solid solid none; border-color: #000000; margin: 0px; background-color: transparent;\">\n<div align=\"center\">0,4 mm<\/div>\n<\/td>\n<\/tr>\n<tr style=\"height: 15.0pt;\">\n<td style=\"border-width: 0px 0.66px 0.66px; border-style: none solid solid; border-color: #000000; margin: 0px; height: 15pt; background-color: transparent;\" height=\"20\">\n<div align=\"center\"><b>Schichtdicke<\/b><\/div>\n<\/td>\n<td style=\"border-width: 0px 0.66px 0.66px 0px; border-style: none solid solid none; border-color: #000000; margin: 0px; background-color: transparent;\">\n<div align=\"center\">0,05-0,2 mm<\/div>\n<\/td>\n<\/tr>\n<tr style=\"height: 15.0pt;\">\n<td style=\"border-width: 0px 0.66px 0.66px; border-style: none solid solid; border-color: #000000; margin: 0px; height: 15pt; background-color: transparent;\" height=\"20\">\n<div align=\"center\"><b>Filament (Art)<\/b><\/div>\n<\/td>\n<td style=\"border-width: 0px 0.66px 0.66px 0px; border-style: none solid solid none; border-color: #000000; margin: 0px; width: 247pt; background-color: transparent;\" width=\"329\">\n<div align=\"center\">PLA , ABS,<span style=\"margin: 0px;\">\u00a0 <\/span>POM, PETG, PVA ,WOOD<\/div>\n<\/td>\n<\/tr>\n<tr style=\"height: 15.0pt;\">\n<td style=\"border-width: 0px 0.66px 0.66px; border-style: none solid solid; border-color: #000000; margin: 0px; height: 15pt; background-color: transparent;\" height=\"20\">\n<div align=\"center\"><b>Filament (Durchmesser)<\/b><\/div>\n<\/td>\n<td style=\"border-width: 0px 0.66px 0.66px 0px; border-style: none solid solid none; border-color: #000000; margin: 0px; background-color: transparent;\">\n<div align=\"center\">1,75 mm<\/div>\n<\/td>\n<\/tr>\n<tr style=\"height: 15.0pt;\">\n<td style=\"border-width: 0px 0.66px 0.66px; border-style: none solid solid; border-color: #000000; margin: 0px; height: 15pt; background-color: transparent;\" height=\"20\">\n<div align=\"center\"><b>Druckgenauigkeit<\/b><\/div>\n<\/td>\n<td style=\"border-width: 0px 0.66px 0.66px 0px; border-style: none solid solid none; border-color: #000000; margin: 0px; background-color: transparent;\">\n<div align=\"center\">0,1-0,2 mm<\/div>\n<\/td>\n<\/tr>\n<tr style=\"height: 15.0pt;\">\n<td style=\"border-width: 0px 0.66px 0.66px; border-style: none solid solid; border-color: #000000; margin: 0px; height: 15pt; background-color: transparent;\" height=\"20\">\n<div align=\"center\"><b>Beheizbares Druckbett<\/b><\/div>\n<\/td>\n<td style=\"border-width: 0px 0.66px 0.66px 0px; border-style: none solid solid none; border-color: #000000; margin: 0px; background-color: transparent;\">\n<div align=\"center\">ja<\/div>\n<\/td>\n<\/tr>\n<tr style=\"height: 15.0pt;\">\n<td style=\"border-width: 0px 0.66px 0.66px; border-style: none solid solid; border-color: #000000; margin: 0px; height: 15pt; background-color: transparent;\" height=\"20\">\n<div align=\"center\"><b>Software<\/b><\/div>\n<\/td>\n<td style=\"border-width: 0px 0.66px 0.66px 0px; border-style: none solid solid none; border-color: #000000; margin: 0px; background-color: transparent;\">\n<div align=\"center\">EASYWARE<\/div>\n<\/td>\n<\/tr>\n<tr style=\"height: 15.0pt;\">\n<td style=\"border-width: 0px 0.66px 0.66px; border-style: none solid solid; border-color: #000000; margin: 0px; height: 15pt; background-color: #ffffff;\" height=\"20\">\n<div align=\"center\"><b>Extrudertemperatur<\/b><\/div>\n<\/td>\n<td style=\"border-width: 0px 0.66px 0.66px 0px; border-style: none solid solid none; border-color: #000000; margin: 0px; background-color: transparent;\">\n<div align=\"center\">170-260 \u00b0C<\/div>\n<\/td>\n<\/tr>\n<tr style=\"height: 15.0pt;\">\n<td style=\"border-width: 0px 0.66px 0.66px; border-style: none solid solid; border-color: #000000; margin: 0px; height: 15pt; background-color: transparent;\" height=\"20\">\n<div align=\"center\"><b>Druckgeschwindigkeit<\/b><\/div>\n<\/td>\n<td style=\"border-width: 0px 0.66px 0.66px 0px; border-style: none solid solid none; border-color: #000000; margin: 0px; background-color: transparent;\">\n<div align=\"center\">10-80 mm\/s<\/div>\n<\/td>\n<\/tr>\n<tr style=\"height: 15.0pt;\">\n<td style=\"border-width: 0px 0.66px 0.66px; border-style: none solid solid; border-color: #000000; margin: 0px; height: 15pt; background-color: transparent;\" height=\"20\">\n<div align=\"center\"><b>Dateiformat<\/b><\/div>\n<\/td>\n<td style=\"border-width: 0px 0.66px 0.66px 0px; border-style: none solid solid none; border-color: #000000; margin: 0px; background-color: transparent;\">\n<div align=\"center\">stl\/obj (umgewandelt in: gcode)<\/div>\n<\/td>\n<\/tr>\n<tr style=\"height: 15.0pt;\">\n<td style=\"border-width: 0px 0.66px 0.66px; border-style: none solid solid; border-color: #000000; margin: 0px; height: 15pt; background-color: transparent;\" height=\"20\">\n<div align=\"center\"><b>Leistung<\/b><\/div>\n<\/td>\n<td style=\"border-width: 0px 0.66px 0.66px 0px; border-style: none solid solid none; border-color: #000000; margin: 0px; background-color: transparent;\">\n<div align=\"center\">110-240 V, 50\/60 Hz, 350 W<\/div>\n<\/td>\n<\/tr>\n<tr style=\"height: 15.0pt;\">\n<td style=\"border-width: 0px 0.66px 0.66px; border-style: none solid solid; border-color: #000000; margin: 0px; height: 15pt; background-color: transparent;\" height=\"20\">\n<div align=\"center\"><b>Maschinengr\u00f6\u00dfe<\/b><\/div>\n<\/td>\n<td style=\"border-width: 0px 0.66px 0.66px 0px; border-style: none solid solid none; border-color: #000000; margin: 0px; background-color: transparent;\">\n<div align=\"center\">394x372x399 mm<\/div>\n<\/td>\n<\/tr>\n<tr style=\"height: 15.0pt;\">\n<td style=\"border-width: 0px 0.66px 0.66px; border-style: none solid solid; border-color: #000000; margin: 0px; height: 15pt; background-color: transparent;\" height=\"20\">\n<div align=\"center\"><b>Paketgr\u00f6\u00dfe<\/b><\/div>\n<\/td>\n<td style=\"border-width: 0px 0.66px 0.66px 0px; border-style: none solid solid none; border-color: #000000; margin: 0px; background-color: transparent;\">\n<div align=\"center\">530x505x610 mm<\/div>\n<\/td>\n<\/tr>\n<tr style=\"height: 15.0pt;\">\n<td style=\"border-width: 0px 0.66px 0.66px; border-style: none solid solid; border-color: #000000; margin: 0px; height: 15pt; background-color: #ffffff;\" height=\"20\">\n<div align=\"center\"><b>Netto-\/Bruttogewicht<\/b><\/div>\n<\/td>\n<td style=\"border-width: 0px 0.66px 0.66px 0px; border-style: none solid solid none; border-color: #000000; margin: 0px; background-color: transparent;\">\n<div align=\"center\">18\/20 kg<\/div>\n<\/td>\n<\/tr>\n<tr style=\"height: 15.0pt;\">\n<td style=\"border-width: 0px 0.66px 0.66px; border-style: none solid solid; border-color: #000000; margin: 0px; height: 15pt; background-color: #ffffff;\" height=\"20\">\n<div align=\"center\"><b>Druckbett<\/b><\/div>\n<\/td>\n<td style=\"border-width: 0px 0.66px 0.66px 0px; border-style: none solid solid none; border-color: #000000; margin: 0px; background-color: transparent;\">\n<div align=\"center\">herausnehmbar<\/div>\n<\/td>\n<\/tr>\n<tr style=\"height: 15.0pt;\">\n<td style=\"border-width: 0px 0.66px 0.66px; border-style: none solid solid; border-color: #000000; margin: 0px; height: 15pt; background-color: transparent;\" height=\"20\">\n<div align=\"center\"><b>Betriebssystem<\/b><\/div>\n<\/td>\n<td style=\"border-width: 0px 0.66px 0.66px 0px; border-style: none solid solid none; border-color: #000000; margin: 0px; background-color: transparent;\">\n<div align=\"center\">Windows XP\/7\/8\/10 (32 bit\/64 bit)<\/div>\n<\/td>\n<\/tr>\n<tr style=\"height: 15.0pt;\">\n<td style=\"border-width: 0px 0.66px 0.66px; border-style: none solid solid; border-color: #000000; margin: 0px; height: 15pt; background-color: transparent;\" height=\"20\">\n<div align=\"center\"><b>Bedienung<\/b><\/div>\n<\/td>\n<td style=\"border-width: 0px 0.66px 0.66px 0px; border-style: none solid solid none; border-color: #000000; margin: 0px; background-color: transparent;\">\n<div align=\"center\"><span style=\"margin: 0px;\">\u00a0<\/span>2,8&#8243; LCD-Display mit Touchscreen<\/div>\n<\/td>\n<\/tr>\n<tr style=\"height: 15.0pt;\">\n<td style=\"border-width: 0px 0.66px 0.66px; border-style: none solid solid; border-color: #000000; margin: 0px; height: 15pt; background-color: transparent;\" height=\"20\">\n<div align=\"center\"><b>Schnittstelle<\/b><\/div>\n<\/td>\n<td style=\"border-width: 0px 0.66px 0.66px 0px; border-style: none solid solid none; border-color: #000000; margin: 0px; background-color: transparent;\">\n<div align=\"center\">SD Card, USB<span style=\"margin: 0px;\">\u00a0<\/span><\/div>\n<\/td>\n<\/tr>\n<tr style=\"mso-height-source: userset; height: 20.25pt;\">\n<td style=\"border-width: 0px 0.66px 0.66px; border-style: none solid solid; border-color: #000000; margin: 0px; height: 20.25pt; background-color: transparent;\" height=\"27\">\n<div align=\"center\"><b>Zertifikate<\/b><\/div>\n<\/td>\n<td style=\"border-width: 0px 0.66px 0.66px 0px; border-style: none solid solid none; border-color: #000000; margin: 0px; background-color: transparent;\">\n<div align=\"center\">CE, FCC, RoHS<\/div>\n<\/td>\n<\/tr>\n<\/tbody>\n<\/table>","protected":false},"excerpt":{"rendered":"<p>Es handelt sich um den MAGNUM 3D-Drucker der Firma EasyThreed. Mit diesem steigen Sie ganz leicht in die wunderbare Welt des 3D-Drucks ein. Marke Easythreed\/OEM\/ODM Drucktechnologie FDM Automatische Druckbetteinstellung ja Farben Orange, Rot oder Schwarz Druckgr\u00f6\u00dfe 200x185x190 mm D\u00fcsenanzahl 1 D\u00fcsendurchmesser 0,4 mm Schichtdicke 0,05-0,2 mm Filament (Art) PLA , ABS,\u00a0 POM, PETG, PVA ,WOOD&#8230;<\/p>","protected":false},"featured_media":7651,"comment_status":"open","ping_status":"closed","template":"","meta":[],"product_brand":[],"product_cat":[56],"product_tag":[54,55,52,57],"class_list":{"0":"post-7565","1":"product","2":"type-product","3":"status-publish","4":"has-post-thumbnail","6":"product_cat-3d-drucker","7":"product_tag-3d","8":"product_tag-3d-drucker","9":"product_tag-anfrage","10":"product_tag-drucker","12":"first","13":"instock","14":"taxable","15":"shipping-taxable","16":"product-type-variable"},"acf":[],"_links":{"self":[{"href":"https:\/\/dexdo-online.de\/en\/wp-json\/wp\/v2\/product\/7565","targetHints":{"allow":["GET"]}}],"collection":[{"href":"https:\/\/dexdo-online.de\/en\/wp-json\/wp\/v2\/product"}],"about":[{"href":"https:\/\/dexdo-online.de\/en\/wp-json\/wp\/v2\/types\/product"}],"replies":[{"embeddable":true,"href":"https:\/\/dexdo-online.de\/en\/wp-json\/wp\/v2\/comments?post=7565"}],"wp:featuredmedia":[{"embeddable":true,"href":"https:\/\/dexdo-online.de\/en\/wp-json\/wp\/v2\/media\/7651"}],"wp:attachment":[{"href":"https:\/\/dexdo-online.de\/en\/wp-json\/wp\/v2\/media?parent=7565"}],"wp:term":[{"taxonomy":"product_brand","embeddable":true,"href":"https:\/\/dexdo-online.de\/en\/wp-json\/wp\/v2\/product_brand?post=7565"},{"taxonomy":"product_cat","embeddable":true,"href":"https:\/\/dexdo-online.de\/en\/wp-json\/wp\/v2\/product_cat?post=7565"},{"taxonomy":"product_tag","embeddable":true,"href":"https:\/\/dexdo-online.de\/en\/wp-json\/wp\/v2\/product_tag?post=7565"}],"curies":[{"name":"wp","href":"https:\/\/api.w.org\/{rel}","templated":true}]}}