{"id":7572,"date":"2023-06-23T22:08:06","date_gmt":"2023-06-23T20:08:06","guid":{"rendered":"https:\/\/dexdo-online.de\/?post_type=product&#038;p=7572"},"modified":"2023-06-23T22:20:13","modified_gmt":"2023-06-23T20:20:13","slug":"induktionsspule-fuer-schmelzoefen","status":"publish","type":"product","link":"https:\/\/dexdo-online.de\/en\/product\/induktionsspule-fuer-schmelzoefen","title":{"rendered":"Induktionsspule f\u00fcr Schmelz\u00f6fen"},"content":{"rendered":"<div align=\"center\"><b>FAQ:\u00a0<\/b><\/div>\n<p>&nbsp;<\/p>\n<div align=\"center\"><\/div>\n<div align=\"center\">1. Gr\u00f6\u00dfe<\/div>\n<p>&nbsp;<\/p>\n<div align=\"center\">Frage: Welche Gr\u00f6\u00dfe muss ich nehmen?<\/div>\n<div align=\"center\">Antwort: Wenn Ihr Schmelzofen f\u00fcr einen 3kg Tiegel ausgerichtet ist, k\u00f6nnen Sie auch nur Artikel f\u00fcr diese Gr\u00f6\u00dfe benutzen. Bsp.: 3KG Schmelzofen=3kg Graphittiegel\/Keramikmantel\/Induktionsspule<\/div>\n<p>&nbsp;<\/p>\n<div align=\"center\"><\/div>\n<div align=\"center\">2. Welche \u00d6fen<\/div>\n<p>&nbsp;<\/p>\n<div align=\"center\">Frage: Kann ich die Zubeh\u00f6rteile f\u00fcr alle Schmelz\u00f6fen (verschiedene Hersteller) benutzen?<\/div>\n<div align=\"center\">Antwort: Die\u00a0Zubeh\u00f6rteile sind passend f\u00fcr alle Schmelz\u00f6fen der Firma DEXDO UG (haftungsbeschr\u00e4nkt). Bei anderen Schmelz\u00f6fen kann eine reibungslose Benutzung nicht vollst\u00e4ndig garantiert werden.<\/div>\n<p>&nbsp;<\/p>\n<div align=\"center\"><\/div>\n<div align=\"center\">3. Passende \u00d6fen<\/div>\n<p>&nbsp;<\/p>\n<div align=\"center\">Frage: Gibt es zu den Zubeh\u00f6rteilen auch die passenden Schmelz\u00f6fen?<\/div>\n<div align=\"center\">Antwort: Ja, alle Schmelz\u00f6fen der Firma\u00a0DEXDO UG (haftungsbeschr\u00e4nkt) sind passend. Einfach im Shop mal st\u00f6bern;<\/div>\n<p>&nbsp;<\/p>\n<div><\/div>\n<div><\/div>\n<div align=\"center\">Inhalt:<\/div>\n<div align=\"center\">1x Induktionsspule Ihrer Wahl<\/div>","protected":false},"excerpt":{"rendered":"<p>FAQ:\u00a0 &nbsp; 1. Gr\u00f6\u00dfe &nbsp; Frage: Welche Gr\u00f6\u00dfe muss ich nehmen? Antwort: Wenn Ihr Schmelzofen f\u00fcr einen 3kg Tiegel ausgerichtet ist, k\u00f6nnen Sie auch nur Artikel f\u00fcr diese Gr\u00f6\u00dfe benutzen. Bsp.: 3KG Schmelzofen=3kg Graphittiegel\/Keramikmantel\/Induktionsspule &nbsp; 2. Welche \u00d6fen &nbsp; Frage: Kann ich die Zubeh\u00f6rteile f\u00fcr alle Schmelz\u00f6fen (verschiedene Hersteller) benutzen? Antwort: Die\u00a0Zubeh\u00f6rteile sind passend f\u00fcr&#8230;<\/p>","protected":false},"featured_media":7684,"comment_status":"open","ping_status":"closed","template":"","meta":[],"product_brand":[],"product_cat":[86,90,50,62,87],"product_tag":[52,51],"class_list":{"0":"post-7572","1":"product","2":"type-product","3":"status-publish","4":"has-post-thumbnail","6":"product_cat-2-40kg-goldvolumen-schmelzofen-schmelzofen","7":"product_cat-induktionsspule-fuer-schmelzoefen","8":"product_cat-schmelzofen","9":"product_cat-schmelzofen-zubehoer","10":"product_cat-tiegel-schmelzoefen-zubehoere","11":"product_tag-anfrage","12":"product_tag-schmelzofen","13":"product_shipping_class-dhl-express","15":"first","16":"instock","17":"taxable","18":"shipping-taxable","19":"purchasable","20":"product-type-variable"},"acf":[],"_links":{"self":[{"href":"https:\/\/dexdo-online.de\/en\/wp-json\/wp\/v2\/product\/7572","targetHints":{"allow":["GET"]}}],"collection":[{"href":"https:\/\/dexdo-online.de\/en\/wp-json\/wp\/v2\/product"}],"about":[{"href":"https:\/\/dexdo-online.de\/en\/wp-json\/wp\/v2\/types\/product"}],"replies":[{"embeddable":true,"href":"https:\/\/dexdo-online.de\/en\/wp-json\/wp\/v2\/comments?post=7572"}],"wp:featuredmedia":[{"embeddable":true,"href":"https:\/\/dexdo-online.de\/en\/wp-json\/wp\/v2\/media\/7684"}],"wp:attachment":[{"href":"https:\/\/dexdo-online.de\/en\/wp-json\/wp\/v2\/media?parent=7572"}],"wp:term":[{"taxonomy":"product_brand","embeddable":true,"href":"https:\/\/dexdo-online.de\/en\/wp-json\/wp\/v2\/product_brand?post=7572"},{"taxonomy":"product_cat","embeddable":true,"href":"https:\/\/dexdo-online.de\/en\/wp-json\/wp\/v2\/product_cat?post=7572"},{"taxonomy":"product_tag","embeddable":true,"href":"https:\/\/dexdo-online.de\/en\/wp-json\/wp\/v2\/product_tag?post=7572"}],"curies":[{"name":"wp","href":"https:\/\/api.w.org\/{rel}","templated":true}]}}