{"id":7575,"date":"2023-06-23T22:08:07","date_gmt":"2023-06-23T20:08:07","guid":{"rendered":"https:\/\/dexdo-online.de\/?post_type=product&#038;p=7575"},"modified":"2026-03-11T13:21:05","modified_gmt":"2026-03-11T12:21:05","slug":"1-kg-schmelztiegel-graphittiegel-fuer-schmelzofen","status":"publish","type":"product","link":"https:\/\/dexdo-online.de\/en\/product\/1-kg-schmelztiegel-graphittiegel-fuer-schmelzofen","title":{"rendered":"1 kg Schmelztiegel \/ Graphittiegel f\u00fcr Schmelzofen"},"content":{"rendered":"<div style=\"text-align: left;\" align=\"center\">Produkteigenschaften:<\/div>\n<div style=\"text-align: left;\" align=\"center\"><\/div>\n<div style=\"text-align: left;\" align=\"center\">1. Dieser\u00a0Graphittiegel eignet sich als Beh\u00e4lter zum Schmelzen von verschiedenen Metallen.<\/div>\n<div style=\"text-align: left;\" align=\"center\">2. Sie m\u00fcssen nur Ihren alten\u00a0<span>Graphittiegel durch diesen Graphittiegel ersetzen.<\/span><\/div>\n<div style=\"text-align: left;\" align=\"center\">3. Nur f\u00fcr elektrische Schmelz\u00f6fen geeigent. Nicht geeignet f\u00fcr Schmelz\u00f6fen die mit Gas betrieben werden und eine Temperatur \u00fcber 1100\u00b0C errreichen.<\/div>\n<div align=\"center\"><\/div>\n<div align=\"center\">\n<p>&nbsp;<\/p>\n<div align=\"center\">Ma\u00dfe:<\/div>\n<div align=\"center\">Siehe Bild<\/div>\n<\/div>\n<p>&nbsp;<\/p>\n<div><\/div>\n<div align=\"center\">Inhalt:<\/div>\n<div align=\"center\">1x 1 kg Graphittiegel<\/div>","protected":false},"excerpt":{"rendered":"<p>Produkteigenschaften: 1. Dieser\u00a0Graphittiegel eignet sich als Beh\u00e4lter zum Schmelzen von verschiedenen Metallen. 2. Sie m\u00fcssen nur Ihren alten\u00a0Graphittiegel durch diesen Graphittiegel ersetzen. 3. Nur f\u00fcr elektrische Schmelz\u00f6fen geeigent. Nicht geeignet f\u00fcr Schmelz\u00f6fen die mit Gas betrieben werden und eine Temperatur \u00fcber 1100\u00b0C errreichen. &nbsp; Ma\u00dfe: Siehe Bild &nbsp; Inhalt: 1x 1 kg Graphittiegel<\/p>","protected":false},"featured_media":7697,"comment_status":"open","ping_status":"closed","template":"","meta":[],"product_brand":[],"product_cat":[88,83,50,62,87],"product_tag":[51],"class_list":{"0":"post-7575","1":"product","2":"type-product","3":"status-publish","4":"has-post-thumbnail","6":"product_cat-graphittiegel-tiegel-schmelzoefen-zubehoere","7":"product_cat-mini-schmelzserie-schmelzofen","8":"product_cat-schmelzofen","9":"product_cat-schmelzofen-zubehoer","10":"product_cat-tiegel-schmelzoefen-zubehoere","11":"product_tag-schmelzofen","12":"product_shipping_class-dhl-express","14":"first","15":"instock","16":"taxable","17":"shipping-taxable","18":"purchasable","19":"product-type-simple"},"acf":[],"_links":{"self":[{"href":"https:\/\/dexdo-online.de\/en\/wp-json\/wp\/v2\/product\/7575","targetHints":{"allow":["GET"]}}],"collection":[{"href":"https:\/\/dexdo-online.de\/en\/wp-json\/wp\/v2\/product"}],"about":[{"href":"https:\/\/dexdo-online.de\/en\/wp-json\/wp\/v2\/types\/product"}],"replies":[{"embeddable":true,"href":"https:\/\/dexdo-online.de\/en\/wp-json\/wp\/v2\/comments?post=7575"}],"wp:featuredmedia":[{"embeddable":true,"href":"https:\/\/dexdo-online.de\/en\/wp-json\/wp\/v2\/media\/7697"}],"wp:attachment":[{"href":"https:\/\/dexdo-online.de\/en\/wp-json\/wp\/v2\/media?parent=7575"}],"wp:term":[{"taxonomy":"product_brand","embeddable":true,"href":"https:\/\/dexdo-online.de\/en\/wp-json\/wp\/v2\/product_brand?post=7575"},{"taxonomy":"product_cat","embeddable":true,"href":"https:\/\/dexdo-online.de\/en\/wp-json\/wp\/v2\/product_cat?post=7575"},{"taxonomy":"product_tag","embeddable":true,"href":"https:\/\/dexdo-online.de\/en\/wp-json\/wp\/v2\/product_tag?post=7575"}],"curies":[{"name":"wp","href":"https:\/\/api.w.org\/{rel}","templated":true}]}}