{"id":7578,"date":"2023-06-23T22:08:08","date_gmt":"2023-06-23T20:08:08","guid":{"rendered":"https:\/\/dexdo-online.de\/?post_type=product&#038;p=7578"},"modified":"2023-06-23T22:14:42","modified_gmt":"2023-06-23T20:14:42","slug":"rubin-duese-red-x-04-und-06-mm","status":"publish","type":"product","link":"https:\/\/dexdo-online.de\/en\/product\/rubin-duese-red-x-04-und-06-mm","title":{"rendered":"Rubin D\u00fcse RED-X 0,4 und 0,6 mm"},"content":{"rendered":"[kad_youtube url=&#8220;https:\/\/youtu.be\/K_xNHlD5_z0&#8243; width=50 ]\n<p>&nbsp;<\/p>\n<p>RED-X ist ein Upgrade f\u00fcr FDM 3D-Drucker (1,75 mm Filament)! Made in Germany!<\/p>\n<p>&nbsp;<\/p>\n<p>RED-X verwendet einen k\u00fcnstlichen Rubin mit einer H\u00e4rte von 9,0 Mohs. Diese H\u00e4rte bietet eine extrem hohe Verschlei\u00dffestigkeit. Sie stellt sicher, dass nahezu alle Druckmaterialien \u00fcber einen langen Zeitraum ohne qualitative Einbu\u00dfe verarbeitet werden k\u00f6nnen.<\/p>\n<p>&nbsp;<\/p>\n<p>RED-X widersteht allen g\u00e4nigen Materialien bis zu einer Drucktemperatur von 450 \u00b0C. Auch stark abrassiv wirkende Materialien wie Nylon, Carbonfaser und auch Bornitrid (cBN) kann RED-X nichts anhaben.<\/p>\n<p>&nbsp;<\/p>\n<p>Kompatibilit\u00e4tsliste:<\/p>\n<table border=\"0\" width=\"1056\" cellspacing=\"0\" cellpadding=\"0\" align=\"left\">\n<tbody>\n<tr>\n<td valign=\"top\" width=\"143\">MK8<\/td>\n<td valign=\"top\" width=\"143\">Makerbot Replicator 5th gen<\/td>\n<td valign=\"top\" width=\"143\">Reprap clones<\/td>\n<td valign=\"top\" width=\"143\">Wanhao Duplicator 4 series<\/td>\n<td valign=\"top\" width=\"143\">M7 thread 1.75mm filament<\/td>\n<td valign=\"top\" width=\"143\">Afinia H480-01<\/td>\n<td valign=\"top\" width=\"143\">UP mini<\/td>\n<td valign=\"top\" width=\"57\">usw.<\/td>\n<\/tr>\n<tr>\n<td valign=\"top\" width=\"143\">Makerbot Replicator 1<\/td>\n<td valign=\"top\" width=\"143\">Makerbot Replicator mini<\/td>\n<td valign=\"top\" width=\"143\">M6 thread \u00a01.75 mm filament<\/td>\n<td valign=\"top\" width=\"143\">Flashforge (neuere Modelle)<\/td>\n<td valign=\"top\" width=\"143\">Zortrax M200<\/td>\n<td valign=\"top\" width=\"143\">UP Plus<\/td>\n<td valign=\"top\" width=\"143\">J-Head<\/td>\n<td valign=\"top\" width=\"57\"><\/td>\n<\/tr>\n<tr>\n<td valign=\"top\" width=\"143\">Makerbot Replicator 2 \/ 2X<\/td>\n<td valign=\"top\" width=\"143\">Makerbot Replicator Z18<\/td>\n<td valign=\"top\" width=\"143\">MK10<\/td>\n<td valign=\"top\" width=\"143\">Creator Pro<\/td>\n<td valign=\"top\" width=\"143\">Afinia H479<\/td>\n<td valign=\"top\" width=\"143\">UP Plus 2 \u200b<\/td>\n<td valign=\"top\" width=\"143\">E3D 59<\/td>\n<td valign=\"top\" width=\"57\"><\/td>\n<\/tr>\n<\/tbody>\n<\/table>\n<p>&nbsp;<\/p>\n<p>ACHTUNG!!!: Nutzen Sie zur Montage\/Demontage der D\u00fcse immer Schutzhandschuhe um Verbrennungen entgegenzuwirken.<\/p>\n<p>Ben\u00f6tigtes Werkzeug: Drehmomentschl\u00fcssel mit 7 mm Sechskantnuss, 16er Schraubenschl\u00fcssel oder Rollgabelschl\u00fcssel zum Fixieren des Hotends, Schutzhandschuhe<\/p>\n<p>&nbsp;<\/p>\n<p>Entfernen Sie die alte D\u00fcse Ihres Druckers. Dazu erhitzen Sie den Drucker auf mindestens 240\u00b0C und l\u00f6sen die D\u00fcse mit einem geeigneten Werkzeug. Nutzen Sie den 16er Schraubenschl\u00fcssel zum gegenhalten am Heatblock. Lassen Sie das Hotend wieder abk\u00fchlen und entfernen Sie die D\u00fcse vollst\u00e4ndig. Schrauben Sie RED-X mit der Hand ein und erhitzen Sie das Hotend erneut. Ist die Temperatur erreicht, stellen Sie einen Drehmomentschl\u00fcssel auf 1 -1,5 Nm ein und ziehen RED-X mit diesem fest.<\/p>\n<p>Bitte beachten Sie zum druckerspezifische Angaben.<\/p>\n<p>&nbsp;<\/p>\n<p>Hinweis:<\/p>\n<ol>\n<li>Lassen Sie die D\u00fcse nicht fallen und vermeiden Sie Druck und Sto\u00df auf die D\u00fcse!<\/li>\n<li>Die Arbeitstemperatur der D\u00fcse darf 550\u00b0C nicht \u00fcbersteigen.<\/li>\n<li>Vermeiden Sie Verunreinigungen der D\u00fcse durch zu hohe Temperaturen oder durch zu gro\u00dfe hochtemperaturbest\u00e4ndige Partikel in Spezialfilamenten.<\/li>\n<li>Stellen Sie sicher, dass das Filament seine Glas\u00fcbergangstemperatur im Hotend erreicht hat, bevor der Extrusionsvorgang gestartet wird.<\/li>\n<\/ol>\n","protected":false},"excerpt":{"rendered":"<p>[kad_youtube url=&#8220;https:\/\/youtu.be\/K_xNHlD5_z0&#8243; width=50 ] &nbsp; RED-X ist ein Upgrade f\u00fcr FDM 3D-Drucker (1,75 mm Filament)! Made in Germany! &nbsp; RED-X verwendet einen k\u00fcnstlichen Rubin mit einer H\u00e4rte von 9,0 Mohs. Diese H\u00e4rte bietet eine extrem hohe Verschlei\u00dffestigkeit. Sie stellt sicher, dass nahezu alle Druckmaterialien \u00fcber einen langen Zeitraum ohne qualitative Einbu\u00dfe verarbeitet werden k\u00f6nnen. &nbsp;&#8230;<\/p>\n","protected":false},"featured_media":7703,"comment_status":"open","ping_status":"closed","template":"","meta":[],"product_brand":[],"product_cat":[56],"product_tag":[54,55,67,52,57],"class_list":{"0":"post-7578","1":"product","2":"type-product","3":"status-publish","4":"has-post-thumbnail","6":"product_cat-3d-drucker","7":"product_tag-3d","8":"product_tag-3d-drucker","9":"product_tag-abrasive-filaments","10":"product_tag-anfrage","11":"product_tag-drucker","13":"first","14":"instock","15":"taxable","16":"shipping-taxable","17":"product-type-variable"},"acf":[],"_links":{"self":[{"href":"https:\/\/dexdo-online.de\/en\/wp-json\/wp\/v2\/product\/7578","targetHints":{"allow":["GET"]}}],"collection":[{"href":"https:\/\/dexdo-online.de\/en\/wp-json\/wp\/v2\/product"}],"about":[{"href":"https:\/\/dexdo-online.de\/en\/wp-json\/wp\/v2\/types\/product"}],"replies":[{"embeddable":true,"href":"https:\/\/dexdo-online.de\/en\/wp-json\/wp\/v2\/comments?post=7578"}],"wp:featuredmedia":[{"embeddable":true,"href":"https:\/\/dexdo-online.de\/en\/wp-json\/wp\/v2\/media\/7703"}],"wp:attachment":[{"href":"https:\/\/dexdo-online.de\/en\/wp-json\/wp\/v2\/media?parent=7578"}],"wp:term":[{"taxonomy":"product_brand","embeddable":true,"href":"https:\/\/dexdo-online.de\/en\/wp-json\/wp\/v2\/product_brand?post=7578"},{"taxonomy":"product_cat","embeddable":true,"href":"https:\/\/dexdo-online.de\/en\/wp-json\/wp\/v2\/product_cat?post=7578"},{"taxonomy":"product_tag","embeddable":true,"href":"https:\/\/dexdo-online.de\/en\/wp-json\/wp\/v2\/product_tag?post=7578"}],"curies":[{"name":"wp","href":"https:\/\/api.w.org\/{rel}","templated":true}]}}