{"id":7583,"date":"2023-06-23T22:08:09","date_gmt":"2023-06-23T20:08:09","guid":{"rendered":"https:\/\/dexdo-online.de\/?post_type=product&#038;p=7583"},"modified":"2026-01-19T17:34:14","modified_gmt":"2026-01-19T16:34:14","slug":"platin-volumen-hochfrequenz-induktionsofen-bis-1800-grad","status":"publish","type":"product","link":"https:\/\/dexdo-online.de\/en\/product\/platin-volumen-hochfrequenz-induktionsofen-bis-1800-grad","title":{"rendered":"Platin-Volumen Hochfrequenz-Induktionsofen bis 1800 Grad"},"content":{"rendered":"<div>\n<p>Das Hochfrequenz-Induktionsheizverfahren ist perfekt geeignet zum Schmelzen von Platin (Schmelzpunkt bei 1.768\u00b0C), Palladium (Schmelzpunkt bei 1.555\u00b0C) und Edelstahl (Schmelzpunkt bei 1.510\u00b0C). Es hilft dabei hochwertiges Metall einfach zu verfl\u00fcssigen. Die auftauchenden Probleme beim Schmelzen mit dem traditionellen Sauerstoff-Gas-Verfahren, wie laute Betriebsger\u00e4usche und viel Abfall, tauchen nicht mehr auf. Der gr\u00f6\u00dfte Vorteil ist die hohe Schmelzgeschwindigkeit, welche Ihre Produktionseffizienz effektiv verbessern wird. Der Ofen ist einfach zu bedienen, bietet zuverl\u00e4ssige Qualit\u00e4t und ist bequem zu warten.<\/p>\n<p>&nbsp;<\/p>\n<\/div>\n<div align=\"center\"><span class=\"tlid-translation translation\"><span class=\"tlid-translation translation\"><span title=\"\">Technische Parameter:<\/span><br \/>\n<span title=\"\">Stromversorgung: 380 V, 50\/60 Hz<\/span><br \/>\n<span title=\"\">Input: 15 kW<\/span><br \/>\n<span title=\"\">Kapazit\u00e4t: 2 kg oder 4 kg Platin-Volumen<\/span><br \/>\n<span title=\"\">Tiegel: Quarzkeramik<\/span><br \/>\n<span title=\"\">Hochfrequenz : 30-40kHz<\/span><br \/>\n<span title=\"\">Gr\u00f6\u00dfe: 500x680x1050mm<\/span><br \/>\n<span title=\"\">Gewicht: 68 kg<\/span><br \/>\n<span title=\"\">Max. Temperatur: 1800 C\u00b0<\/span><\/span><\/span><\/p>\n<p style=\"text-align: center;\"><span class=\"tlid-translation translation\"><span title=\"\">\u00a0<\/span><\/span><\/p>\n<div align=\"center\">Inhalt:<\/div>\n<div align=\"center\"><\/div>\n<div align=\"center\">1x Platin-Volumen Hochfrequenz-Induktionsofen<\/div>\n<div align=\"center\"><\/div>\n<p><iframe loading=\"lazy\" title=\"Platinum induction melting furnace\" width=\"640\" height=\"360\" src=\"https:\/\/www.youtube.com\/embed\/HiADTjMsP88?feature=oembed\" frameborder=\"0\" allow=\"accelerometer; autoplay; clipboard-write; encrypted-media; gyroscope; picture-in-picture; web-share\" referrerpolicy=\"strict-origin-when-cross-origin\" allowfullscreen><\/iframe><\/p>\n<div align=\"center\">1 Jahr Garantie<\/div>\n<p>&nbsp;<\/p>\n<div align=\"center\"><\/div>\n<p align=\"center\"><strong>Weitere Informationen (Gebrauchsanleitung):<\/strong> <u><strong><a href=\"http:\/\/localhost\/dexdo\/wp-content\/uploads\/2019\/09\/Anleitung-Platinenofen-Deutsch_Kurz.pdf\" target=\"_blank\" rel=\"noopener noreferrer\"><span style=\"color: #800000;\">HIER KLICKEN!!!<\/span><\/a><\/strong><\/u><\/p>\n<\/div>","protected":false},"excerpt":{"rendered":"<p>Das Hochfrequenz-Induktionsheizverfahren ist perfekt geeignet zum Schmelzen von Platin (Schmelzpunkt bei 1.768\u00b0C), Palladium (Schmelzpunkt bei 1.555\u00b0C) und Edelstahl (Schmelzpunkt bei 1.510\u00b0C). Es hilft dabei hochwertiges Metall einfach zu verfl\u00fcssigen. Die auftauchenden Probleme beim Schmelzen mit dem traditionellen Sauerstoff-Gas-Verfahren, wie laute Betriebsger\u00e4usche und viel Abfall, tauchen nicht mehr auf. Der gr\u00f6\u00dfte Vorteil ist die hohe Schmelzgeschwindigkeit,&#8230;<\/p>","protected":false},"featured_media":7713,"comment_status":"open","ping_status":"closed","template":"","meta":[],"product_brand":[],"product_cat":[92,50],"product_tag":[51],"class_list":{"0":"post-7583","1":"product","2":"type-product","3":"status-publish","4":"has-post-thumbnail","6":"product_cat-platinschmelzofen-schmelzofen","7":"product_cat-schmelzofen","8":"product_tag-schmelzofen","9":"product_shipping_class-spedition","11":"first","12":"instock","13":"taxable","14":"shipping-taxable","15":"purchasable","16":"product-type-variable"},"acf":[],"_links":{"self":[{"href":"https:\/\/dexdo-online.de\/en\/wp-json\/wp\/v2\/product\/7583","targetHints":{"allow":["GET"]}}],"collection":[{"href":"https:\/\/dexdo-online.de\/en\/wp-json\/wp\/v2\/product"}],"about":[{"href":"https:\/\/dexdo-online.de\/en\/wp-json\/wp\/v2\/types\/product"}],"replies":[{"embeddable":true,"href":"https:\/\/dexdo-online.de\/en\/wp-json\/wp\/v2\/comments?post=7583"}],"wp:featuredmedia":[{"embeddable":true,"href":"https:\/\/dexdo-online.de\/en\/wp-json\/wp\/v2\/media\/7713"}],"wp:attachment":[{"href":"https:\/\/dexdo-online.de\/en\/wp-json\/wp\/v2\/media?parent=7583"}],"wp:term":[{"taxonomy":"product_brand","embeddable":true,"href":"https:\/\/dexdo-online.de\/en\/wp-json\/wp\/v2\/product_brand?post=7583"},{"taxonomy":"product_cat","embeddable":true,"href":"https:\/\/dexdo-online.de\/en\/wp-json\/wp\/v2\/product_cat?post=7583"},{"taxonomy":"product_tag","embeddable":true,"href":"https:\/\/dexdo-online.de\/en\/wp-json\/wp\/v2\/product_tag?post=7583"}],"curies":[{"name":"wp","href":"https:\/\/api.w.org\/{rel}","templated":true}]}}