{"id":7584,"date":"2023-06-23T22:08:09","date_gmt":"2023-06-23T20:08:09","guid":{"rendered":"https:\/\/dexdo-online.de\/?post_type=product&#038;p=7584"},"modified":"2023-06-23T22:15:24","modified_gmt":"2023-06-23T20:15:24","slug":"automatische-vakuumdruckgussmaschine-1kg-mini-casting-machine","status":"publish","type":"product","link":"https:\/\/dexdo-online.de\/en\/product\/automatische-vakuumdruckgussmaschine-1kg-mini-casting-machine","title":{"rendered":"Automatische Vakuumdruckgussmaschine (1KG mini Casting machine)"},"content":{"rendered":"<div>Produkteigenschaften:<\/div>\n<div><\/div>\n<p><span class=\"tlid-translation translation\"><span class=\"\" title=\"\"><span title=\"\">Die gesamte Maschine ist kompakt, hat einen geringen Platzbedarf und ist hocheffizient.<\/span> Es wird eine einzigartige, magnetische R\u00fchrinduktionsheizung verwendet. Diese regelt die Mischzeit unabh\u00e4ngig voneinander und verwendet auch das Gie\u00dfprinzip des Vakuumdruck-Schwerkraftgie\u00dfverfahrens zum Gie\u00dfen. Die Maschine hat eine perfekte Schutzfunktion f\u00fcr das selbstelektrische System, und kann automatisch bedient werden.\u00a0Das Ger\u00e4t verf\u00fcgt \u00fcber ein Alarmsystem, welches St\u00f6rungen meldet, wenn die Einstellung nicht korrekt ist. Die Temperatursteuerungstoleranz der Maschine betr\u00e4gt \u00b1 2. Es verwendet einen Vakuum- und Gasschutz zum Schmelzen, und stellt sicher, dass die Metallvergasung sich auf dem niedrigsten Punkt befindet, Reduzierung der Oxidation. <\/span><\/span><\/p>\n<p style=\"text-align: center;\"><span class=\"tlid-translation translation\"><span title=\"\">Stromversorgung: 220V \/ 50Hz<\/span><br \/>\n<span title=\"\">Ausgangsleistung: 3.5KW<\/span><br \/>\n<span title=\"\">Geeignetes Metall: Gold, Silber, Kupfer<\/span><br \/>\n<span title=\"\">Schmelzkapazit\u00e4t: 1 kg<\/span><br \/>\n<span title=\"\">Maximale Temperatur: 1250<\/span>\u00b0C oder 1600<\/span><span class=\"tlid-translation translation\">\u00b0C<br \/>\n<span title=\"\">Gr\u00f6\u00dfe: 68x54x48 cm<\/span><br \/>\n<span class=\"\" title=\"\">Gewicht: 90 kg<\/span><\/span><\/p>\n<div align=\"center\">Inhalt:<\/div>\n<div align=\"center\">1x Automatische Vakuumdruckgussmaschine<\/div>\n<div align=\"center\"><\/div>\n<p>&nbsp;<\/p>\n<div align=\"center\">1 Jahr Garantie<\/div>\n<p>&nbsp;<\/p>\n<div align=\"center\">\n<p><iframe loading=\"lazy\" title=\"SVC  Mini Jewelry Casting Machine---Yihuicasting\" width=\"640\" height=\"360\" src=\"https:\/\/www.youtube.com\/embed\/OqJUuprTWyw?feature=oembed\" frameborder=\"0\" allow=\"accelerometer; autoplay; clipboard-write; encrypted-media; gyroscope; picture-in-picture; web-share\" referrerpolicy=\"strict-origin-when-cross-origin\" allowfullscreen><\/iframe><\/p>\n<\/div>\n<p>&nbsp;<\/p>\n<div align=\"center\"><\/div>\n<p align=\"center\"><strong>Weitere Informationen (Gebrauchsanleitung):<\/strong> <u><strong><a href=\"http:\/\/localhost\/dexdo\/wp-content\/uploads\/2019\/06\/Schmelzoefen_yi.pdf\" target=\"_blank\" rel=\"noopener noreferrer\"><span style=\"color: #800000;\">HIER KLICKEN!!!<\/span><\/a><\/strong><\/u><\/p>","protected":false},"excerpt":{"rendered":"<p>Produkteigenschaften: Die gesamte Maschine ist kompakt, hat einen geringen Platzbedarf und ist hocheffizient. Es wird eine einzigartige, magnetische R\u00fchrinduktionsheizung verwendet. Diese regelt die Mischzeit unabh\u00e4ngig voneinander und verwendet auch das Gie\u00dfprinzip des Vakuumdruck-Schwerkraftgie\u00dfverfahrens zum Gie\u00dfen. Die Maschine hat eine perfekte Schutzfunktion f\u00fcr das selbstelektrische System, und kann automatisch bedient werden.\u00a0Das Ger\u00e4t verf\u00fcgt \u00fcber ein Alarmsystem,&#8230;<\/p>","protected":false},"featured_media":7716,"comment_status":"open","ping_status":"closed","template":"","meta":[],"product_brand":[],"product_cat":[65,93],"product_tag":[52,66],"class_list":{"0":"post-7584","1":"product","2":"type-product","3":"status-publish","4":"has-post-thumbnail","6":"product_cat-giessystem","7":"product_cat-vakumgussmaschine-giessystem","8":"product_tag-anfrage","9":"product_tag-giessystem","10":"product_shipping_class-spedition","12":"first","13":"instock","14":"taxable","15":"shipping-taxable","16":"purchasable","17":"product-type-simple"},"acf":[],"_links":{"self":[{"href":"https:\/\/dexdo-online.de\/en\/wp-json\/wp\/v2\/product\/7584","targetHints":{"allow":["GET"]}}],"collection":[{"href":"https:\/\/dexdo-online.de\/en\/wp-json\/wp\/v2\/product"}],"about":[{"href":"https:\/\/dexdo-online.de\/en\/wp-json\/wp\/v2\/types\/product"}],"replies":[{"embeddable":true,"href":"https:\/\/dexdo-online.de\/en\/wp-json\/wp\/v2\/comments?post=7584"}],"wp:featuredmedia":[{"embeddable":true,"href":"https:\/\/dexdo-online.de\/en\/wp-json\/wp\/v2\/media\/7716"}],"wp:attachment":[{"href":"https:\/\/dexdo-online.de\/en\/wp-json\/wp\/v2\/media?parent=7584"}],"wp:term":[{"taxonomy":"product_brand","embeddable":true,"href":"https:\/\/dexdo-online.de\/en\/wp-json\/wp\/v2\/product_brand?post=7584"},{"taxonomy":"product_cat","embeddable":true,"href":"https:\/\/dexdo-online.de\/en\/wp-json\/wp\/v2\/product_cat?post=7584"},{"taxonomy":"product_tag","embeddable":true,"href":"https:\/\/dexdo-online.de\/en\/wp-json\/wp\/v2\/product_tag?post=7584"}],"curies":[{"name":"wp","href":"https:\/\/api.w.org\/{rel}","templated":true}]}}