{"id":7611,"date":"2023-06-23T22:09:37","date_gmt":"2023-06-23T20:09:37","guid":{"rendered":"https:\/\/dexdo-online.de\/?post_type=product&#038;p=7611"},"modified":"2023-06-23T22:16:39","modified_gmt":"2023-06-23T20:16:39","slug":"d-iii-vakuumgussmaschine","status":"publish","type":"product","link":"https:\/\/dexdo-online.de\/en\/product\/d-iii-vakuumgussmaschine","title":{"rendered":"D-III VAKUUMGUSSMASCHINE"},"content":{"rendered":"<div>Produkteigenschaften:<\/div>\n<div><\/div>\n<div>\n<p>D3 ist durch Zwischenfrequenz hochleistungsf\u00e4hig. Durch Erhitzen wird die Metallschmelze automatisch ger\u00fchrt, um die Gleichm\u00e4\u00dfigkeit der Legierung zu verbessern.<\/p>\n<p>Einfache Bedienung mit LCD-Display zur Einstellung aller erforderlichen Parameter.<\/p>\n<p>Die Voreinstellungen des Herstellers helfen beim konventionellen Gie\u00dfen, haben aber auch die sequentielle Speicherfunktion, die f\u00fcr verschiedene Metallgussteile geeignet ist.<\/p>\n<p>Das Zinkmetallgussverfahren ist optional.<\/p>\n<p>Die fortschrittliche Temperaturregelung und die pr\u00e4zise Temperaturregelung f\u00fcr Legierungen eignen sich f\u00fcr Thermoelement-Temperaturf\u00fchler vom Typ K \/ R.<\/p>\n<\/div>\n<p>Die hocheffiziente Gie\u00dfmaschine verwendet eine einzigartige magnetische R\u00fchrinduktionserw\u00e4rmung, steuert unabh\u00e4ngig die Mischzeit und verwendet das Vakuumdruck-Schwerkraftgussverfahren mit digitaler Steuerung.<\/p>\n<p style=\"text-align: center;\"><span class=\"tlid-translation translation\"><span title=\"\">Stromversorgung: 380 V \/ 50 Hz<\/span><br \/>\n<span title=\"\">Ausgangsleistung: 8 KW<\/span><br \/>\n<span title=\"\">Geeignetes Metall: Gold, Silber, Kupfer<\/span><br \/>\n<span title=\"\">Schmelzkapazit\u00e4t: 8 kg<\/span><br \/>\n<span title=\"\">Maximale Temperatur: 1250<\/span>\u00b0C oder 1600<\/span><span class=\"tlid-translation translation\">\u00b0C<br \/>\n<span title=\"\">Gr\u00f6\u00dfe: 750 x 665 x 1230 cm<\/span><br \/>\n<span class=\"\" title=\"\">Gewicht: 200 kg<\/span><\/span><\/p>\n<div align=\"center\">Inhalt:<\/div>\n<div align=\"center\">1x Automatische Vakuumdruckgussmaschine<\/div>\n<div align=\"center\"><\/div>\n<p>&nbsp;<\/p>\n<div align=\"center\">1 Jahr Garantie<\/div>\n<div align=\"center\"><\/div>\n<p>&nbsp;<\/p>\n<div align=\"center\"><\/div>\n<p align=\"center\"><strong>Weitere Informationen (Gebrauchsanleitung):<\/strong> <u><strong><a href=\"http:\/\/localhost\/dexdo\/wp-content\/uploads\/2019\/06\/Schmelzoefen_yi.pdf\" target=\"_blank\" rel=\"noopener noreferrer\"><span style=\"color: #800000;\">HIER KLICKEN!!!<\/span><\/a><\/strong><\/u><\/p>","protected":false},"excerpt":{"rendered":"<p>Produkteigenschaften: D3 ist durch Zwischenfrequenz hochleistungsf\u00e4hig. Durch Erhitzen wird die Metallschmelze automatisch ger\u00fchrt, um die Gleichm\u00e4\u00dfigkeit der Legierung zu verbessern. Einfache Bedienung mit LCD-Display zur Einstellung aller erforderlichen Parameter. Die Voreinstellungen des Herstellers helfen beim konventionellen Gie\u00dfen, haben aber auch die sequentielle Speicherfunktion, die f\u00fcr verschiedene Metallgussteile geeignet ist. Das Zinkmetallgussverfahren ist optional. Die fortschrittliche&#8230;<\/p>","protected":false},"featured_media":7748,"comment_status":"open","ping_status":"closed","template":"","meta":[],"product_brand":[],"product_cat":[65,93],"product_tag":[52,66],"class_list":{"0":"post-7611","1":"product","2":"type-product","3":"status-publish","4":"has-post-thumbnail","6":"product_cat-giessystem","7":"product_cat-vakumgussmaschine-giessystem","8":"product_tag-anfrage","9":"product_tag-giessystem","10":"product_shipping_class-spedition","12":"first","13":"instock","14":"taxable","15":"shipping-taxable","16":"product-type-simple"},"acf":[],"_links":{"self":[{"href":"https:\/\/dexdo-online.de\/en\/wp-json\/wp\/v2\/product\/7611","targetHints":{"allow":["GET"]}}],"collection":[{"href":"https:\/\/dexdo-online.de\/en\/wp-json\/wp\/v2\/product"}],"about":[{"href":"https:\/\/dexdo-online.de\/en\/wp-json\/wp\/v2\/types\/product"}],"replies":[{"embeddable":true,"href":"https:\/\/dexdo-online.de\/en\/wp-json\/wp\/v2\/comments?post=7611"}],"wp:featuredmedia":[{"embeddable":true,"href":"https:\/\/dexdo-online.de\/en\/wp-json\/wp\/v2\/media\/7748"}],"wp:attachment":[{"href":"https:\/\/dexdo-online.de\/en\/wp-json\/wp\/v2\/media?parent=7611"}],"wp:term":[{"taxonomy":"product_brand","embeddable":true,"href":"https:\/\/dexdo-online.de\/en\/wp-json\/wp\/v2\/product_brand?post=7611"},{"taxonomy":"product_cat","embeddable":true,"href":"https:\/\/dexdo-online.de\/en\/wp-json\/wp\/v2\/product_cat?post=7611"},{"taxonomy":"product_tag","embeddable":true,"href":"https:\/\/dexdo-online.de\/en\/wp-json\/wp\/v2\/product_tag?post=7611"}],"curies":[{"name":"wp","href":"https:\/\/api.w.org\/{rel}","templated":true}]}}