{"id":7622,"date":"2023-06-23T22:10:21","date_gmt":"2023-06-23T20:10:21","guid":{"rendered":"https:\/\/dexdo-online.de\/?post_type=product&#038;p=7622"},"modified":"2023-06-23T22:17:07","modified_gmt":"2023-06-23T20:17:07","slug":"cc350-vakuum-schleudergiessmaschine","status":"publish","type":"product","link":"https:\/\/dexdo-online.de\/en\/product\/cc350-vakuum-schleudergiessmaschine","title":{"rendered":"CC350 Vakuum Schleudergiessmaschine"},"content":{"rendered":"<div><strong>Produkteigenschaften:<\/strong><\/div>\n<div><\/div>\n<div>Die Vakuumgussmaschine CC350 kann beim Gie\u00dfen von Pt oder kleinen Mengen Gold und Silber eine hervorragende Wirkung erzielen. Es verwendet einen Infrarotdetektor f\u00fcr Temperatur und Vakuum w\u00e4hrend des Schmelzprozesses, um eine Oxidation zu verhindern. Die einzigartige Doppelschwenkarmstruktur kann die Zentrifugalkraft erh\u00f6hen. Hochleistungsservomotor wird verwendet, um die Rotationsbeschleunigung und die Zentrifugalkraft zu verbessern.<\/div>\n<p>&nbsp;<\/p>\n<p><strong>\u00a0<\/strong><\/p>\n<table>\n<tbody>\n<tr>\n<td>Power supply<\/td>\n<td>220 V, 1 phase, 50\/60 Hz<\/td>\n<\/tr>\n<tr>\n<td>Power<\/td>\n<td>0-6 kW, adjustable<\/td>\n<\/tr>\n<tr>\n<td>Casting metal weight<\/td>\n<td>300 G<\/td>\n<\/tr>\n<tr>\n<td>Metal type<\/td>\n<td>PtT, PD, SS, etc.<\/td>\n<\/tr>\n<tr>\n<td>Packing size<\/td>\n<td>83 x 108 x 108 cm<\/td>\n<\/tr>\n<tr>\n<td>Packing weight<\/td>\n<td>450 kg<\/td>\n<\/tr>\n<\/tbody>\n<\/table>\n<p>&nbsp;<\/p>\n<p><strong>1 Jahr Garantie<\/strong><\/p>\n<div align=\"center\"><\/div>\n<p>&nbsp;<\/p>\n<div align=\"center\"><\/div>\n<p align=\"center\"><strong>Weitere Informationen (Gebrauchsanleitung):<\/strong> <u><strong><a href=\"http:\/\/localhost\/dexdo\/wp-content\/uploads\/2019\/06\/Schmelzoefen_yi.pdf\" target=\"_blank\" rel=\"noopener noreferrer\"><span style=\"color: #800000;\">HIER KLICKEN!!!<\/span><\/a><\/strong><\/u><\/p>","protected":false},"excerpt":{"rendered":"<p>Produkteigenschaften: Die Vakuumgussmaschine CC350 kann beim Gie\u00dfen von Pt oder kleinen Mengen Gold und Silber eine hervorragende Wirkung erzielen. Es verwendet einen Infrarotdetektor f\u00fcr Temperatur und Vakuum w\u00e4hrend des Schmelzprozesses, um eine Oxidation zu verhindern. Die einzigartige Doppelschwenkarmstruktur kann die Zentrifugalkraft erh\u00f6hen. Hochleistungsservomotor wird verwendet, um die Rotationsbeschleunigung und die Zentrifugalkraft zu verbessern. &nbsp; \u00a0&#8230;<\/p>","protected":false},"featured_media":7756,"comment_status":"open","ping_status":"closed","template":"","meta":[],"product_brand":[],"product_cat":[65,97,93],"product_tag":[52,66],"class_list":{"0":"post-7622","1":"product","2":"type-product","3":"status-publish","4":"has-post-thumbnail","6":"product_cat-giessystem","7":"product_cat-schleudergiessmaschine-giessystem","8":"product_cat-vakumgussmaschine-giessystem","9":"product_tag-anfrage","10":"product_tag-giessystem","11":"product_shipping_class-spedition","13":"first","14":"instock","15":"taxable","16":"shipping-taxable","17":"product-type-simple"},"acf":[],"_links":{"self":[{"href":"https:\/\/dexdo-online.de\/en\/wp-json\/wp\/v2\/product\/7622","targetHints":{"allow":["GET"]}}],"collection":[{"href":"https:\/\/dexdo-online.de\/en\/wp-json\/wp\/v2\/product"}],"about":[{"href":"https:\/\/dexdo-online.de\/en\/wp-json\/wp\/v2\/types\/product"}],"replies":[{"embeddable":true,"href":"https:\/\/dexdo-online.de\/en\/wp-json\/wp\/v2\/comments?post=7622"}],"wp:featuredmedia":[{"embeddable":true,"href":"https:\/\/dexdo-online.de\/en\/wp-json\/wp\/v2\/media\/7756"}],"wp:attachment":[{"href":"https:\/\/dexdo-online.de\/en\/wp-json\/wp\/v2\/media?parent=7622"}],"wp:term":[{"taxonomy":"product_brand","embeddable":true,"href":"https:\/\/dexdo-online.de\/en\/wp-json\/wp\/v2\/product_brand?post=7622"},{"taxonomy":"product_cat","embeddable":true,"href":"https:\/\/dexdo-online.de\/en\/wp-json\/wp\/v2\/product_cat?post=7622"},{"taxonomy":"product_tag","embeddable":true,"href":"https:\/\/dexdo-online.de\/en\/wp-json\/wp\/v2\/product_tag?post=7622"}],"curies":[{"name":"wp","href":"https:\/\/api.w.org\/{rel}","templated":true}]}}