{"id":7644,"date":"2023-06-23T22:11:58","date_gmt":"2023-06-23T20:11:58","guid":{"rendered":"https:\/\/dexdo-online.de\/?post_type=product&#038;p=7644"},"modified":"2023-06-23T22:17:52","modified_gmt":"2023-06-23T20:17:52","slug":"schmuck-3d-scanner-vollautomatische-high-performance-3d-scanner","status":"publish","type":"product","link":"https:\/\/dexdo-online.de\/en\/product\/schmuck-3d-scanner-vollautomatische-high-performance-3d-scanner","title":{"rendered":"Schmuck 3D Scanner, vollautomatische High-Performance 3D Scanner"},"content":{"rendered":"<p><strong><span style=\"font-family: Arial, sans-serif;\">Anwendungsgebiet:<\/span><\/strong><\/p>\n<p><span style=\"font-family: Arial, sans-serif;\"><span style=\"font-size: medium;\">Der vollautomatische High-Performance Scanner vereint neueste 3D-Scan-Technologie mit Effizienz und maximaler Pr\u00e4zision. Er eignet sich perfekt f\u00fcr die Digitalisierung Ihrer Edelsteine, Schmuckst\u00fccke und anderen Kleinstobjekten die dreidimensional erfasst werden m\u00fcssen.<\/span><\/span><\/p>\n<p><span style=\"font-family: Arial, sans-serif;\"><span style=\"font-size: medium;\"><b>Beispiele und Einsatzm\u00f6glichkeiten:<\/b><\/span><\/span><\/p>\n<p><span style=\"font-family: Arial, sans-serif;\"><span style=\"font-size: medium;\">&#8211; Herstellung von hochpr\u00e4zisen Fassungen f\u00fcr Edelsteine<\/span><\/span><\/p>\n<p><span style=\"font-family: Arial, sans-serif;\"><span style=\"font-size: medium;\">&#8211; Digitalisierung von organischen Oberfl\u00e4chen<\/span><\/span><\/p>\n<p><span style=\"font-family: Arial, sans-serif;\"><span style=\"font-size: medium;\">&#8211; Digitalisierung von Modellen die skaliert oder gespiegelt werden m\u00fcssen<\/span><\/span><\/p>\n<p>&nbsp;<\/p>\n<p><span style=\"font-family: Arial, sans-serif;\"><span style=\"font-size: medium;\"><b>Funktionsweise:<\/b><\/span><\/span><\/p>\n<p><span style=\"font-family: Arial, sans-serif;\"><span style=\"font-size: medium;\">Die Positionierung des Modells zu den Kameras erfolgt \u00fcber zwei Drehachsen, die unabh\u00e4ngig voneinander bewegt werden und alle Oberfl\u00e4chendetails des Objektes erfassen. Mittels Streifenlichtprojektion und zwei hochaufl\u00f6senden Kameras erzeugt der LightEYE\u00b2 Scanner eine Punktewolke (Messpunkte) von ihrem Objekt, das \u00fcber die mitgelieferte Software im nachfolgenden Schritt in ein STL umgewandelt wird. Die Messpr\u00e4zision liegt dabei unter 50\u00b5.<\/span><\/span><\/p>\n<p>&nbsp;<\/p>\n<p><span style=\"font-family: Arial, sans-serif;\"><span style=\"font-size: medium;\"><b>Geschwindigkeit:<\/b><\/span><\/span><\/p>\n<p><span style=\"font-family: Arial, sans-serif;\"><span style=\"font-size: medium;\">Ein weiterer Vorteil ist die Geschwindigkeit. Ein Edelstein wird innerhalb von 30 \u2013 40 Sekunden vollautomatisch gescannt. Sollten Bereiche noch nicht erfasst sein, so k\u00f6nnen sie jederzeit weitere Scan-Winkel manuell hinzuf\u00fcgen. Dies ist besonders interessant wenn Schmuckst\u00fccke mit vielen Oberfl\u00e4chendetails gescannt werden m\u00fcssen.<\/span><\/span><\/p>\n<p>&nbsp;<\/p>\n<p><span style=\"font-family: Arial, sans-serif;\">\u00a0<\/span><br \/>\n<span style=\"font-family: Arial, sans-serif;\"><span style=\"font-size: medium;\"><b>Software:<\/b><\/span><\/span><\/p>\n<p><span style=\"font-family: Arial, sans-serif;\"><span style=\"font-size: medium;\">Die leistungsf\u00e4hige Software erzeugt aus den Messpunkten ein dreidimensionales Modell, welches als STL ausgegeben wird. Das STL kann danach beliebig gespiegelt oder skaliert werden. Laden Sie das STL in Ihre 3D Konstruktionssoftware ein, um es weiter zu bearbeiten.<\/span><\/span><\/p>\n<p><strong><span style=\"color: #ff0000;\"><span style=\"font-family: Arial, sans-serif;\"><span style=\"font-size: medium;\">Kompatibilit\u00e4t:<\/span><\/span><\/span><\/strong><br \/>\n<span style=\"color: #ff0000;\"><span style=\"font-family: Arial, sans-serif;\"><span style=\"font-size: medium;\">Grundvoraussetzung zum Betrieb des 3D Scanners ist ein PC mit Windows Betriebssystem ab Win7 (64 bit) und eine NVIDA Grafikkarte mit mindestens 2GB Arbeitsspeicher. Andere Betriebssysteme und Grafikkartenhersteller werden nicht unterst\u00fctzt!<\/span><\/span><\/span><\/p>\n<p><strong><span style=\"font-family: Arial, sans-serif;\">Technische Daten:<\/span><\/strong><\/p>\n<table border=\"0\" cellspacing=\"1\" cellpadding=\"1\">\n<tbody>\n<tr>\n<td><span style=\"font-family: Arial, sans-serif;\">Scanner Typ:<\/span><\/td>\n<td><span style=\"font-family: Arial, sans-serif;\">Streifgenlichtprojektion<\/span><\/td>\n<\/tr>\n<tr>\n<td><span style=\"font-family: Arial, sans-serif;\">Scan Volumen:<\/span><\/td>\n<td><span style=\"font-family: Arial, sans-serif;\">80 x 60 mm (XY)<\/span><\/td>\n<\/tr>\n<tr>\n<td><span style=\"font-family: Arial, sans-serif;\">Scan Geschwindigkeit:<\/span><\/td>\n<td><span style=\"font-family: Arial, sans-serif;\">ca. 2 Sek.\/Frame<\/span><\/td>\n<\/tr>\n<tr>\n<td><span style=\"font-family: Arial, sans-serif;\">Pixel Sensor:<\/span><\/td>\n<td><span style=\"font-family: Arial, sans-serif;\">2x CMOS, 1.31 Megapixel<\/span><\/td>\n<\/tr>\n<tr>\n<td><span style=\"font-family: Arial, sans-serif;\">Kamera:<\/span><\/td>\n<td><span style=\"font-family: Arial, sans-serif;\">2x 16mm mit 5 Megapixel<\/span><\/td>\n<\/tr>\n<tr>\n<td><span style=\"font-family: Arial, sans-serif;\">Streifenlichtprojektor:<\/span><\/td>\n<td><span style=\"font-family: Arial, sans-serif;\">1280 x 1080 DPI<\/span><\/td>\n<\/tr>\n<tr>\n<td><span style=\"font-family: Arial, sans-serif;\">Scan-Positionierung:<\/span><\/td>\n<td><span style=\"font-family: Arial, sans-serif;\">2 motorbetriebene Rotationsachsen<\/span><\/td>\n<\/tr>\n<tr>\n<td><span style=\"font-family: Arial, sans-serif;\">Scan Modus:<\/span><\/td>\n<td><span style=\"font-family: Arial, sans-serif;\">Auto Scan oder manuell (Multi Scan)<\/span><\/td>\n<\/tr>\n<tr>\n<td><span style=\"font-family: Arial, sans-serif;\">Pr\u00e4zision Punktewolke:<\/span><\/td>\n<td><span style=\"font-family: Arial, sans-serif;\">+\/- 0.01 mm<\/span><\/td>\n<\/tr>\n<tr>\n<td><span style=\"font-family: Arial, sans-serif;\">3D Messpr\u00e4zision:<\/span><\/td>\n<td><span style=\"font-family: Arial, sans-serif;\">&lt;0,05 mm<\/span><\/td>\n<\/tr>\n<tr>\n<td><span style=\"font-family: Arial, sans-serif;\">Export Format:<\/span><\/td>\n<td><span style=\"font-family: Arial, sans-serif;\">STL<\/span><\/td>\n<\/tr>\n<tr>\n<td><span style=\"font-family: Arial, sans-serif;\">System Voraussetzungen:<\/span><\/td>\n<td><span style=\"font-family: Arial, sans-serif;\">Win7(64bit+), Win10, (64bit+)<\/span>\u00a0!!\u00a0<span style=\"font-family: Arial, sans-serif;\">Es werden nur Nvida Grafikkarten (2GB+) unterst\u00fctzt.!!<\/span><\/td>\n<\/tr>\n<tr>\n<td><span style=\"font-family: Arial, sans-serif;\">Anschluss:<\/span><\/td>\n<td><span style=\"font-family: Arial, sans-serif;\">USB3.0<\/span><\/td>\n<\/tr>\n<tr>\n<td><span style=\"font-family: Arial, sans-serif;\">Zertifizierungen:<\/span><\/td>\n<td><span style=\"font-family: Arial, sans-serif;\">CE\/FCC\/WEEE\/CNAS<\/span><\/td>\n<\/tr>\n<tr>\n<td><span style=\"font-family: Arial, sans-serif;\">Abmessungen:<\/span><\/td>\n<td><span style=\"font-family: Arial, sans-serif;\">40 x 26 x 20 cm (H x B x T)<\/span><\/td>\n<\/tr>\n<tr>\n<td>Stromversorgung:<\/td>\n<td>230V\/50hz, 60 Watt<\/td>\n<\/tr>\n<tr>\n<td><span style=\"font-family: Arial, sans-serif;\">Gewicht:<\/span><\/td>\n<td><span style=\"font-family: Arial, sans-serif;\">5,85 kg<\/span><\/td>\n<\/tr>\n<\/tbody>\n<\/table>\n<p><strong>Lieferumfang\/Inhalt:<\/strong><\/p>\n<ul>\n<li>3D-Scanner<\/li>\n<li>Kabel\/230 V<\/li>\n<li>Kalibrierplatte<\/li>\n<li>USB-Stick<\/li>\n<li>2 Streifen Haftmaterial<\/li>\n<li>Software<\/li>\n<\/ul>","protected":false},"excerpt":{"rendered":"<p>Anwendungsgebiet: Der vollautomatische High-Performance Scanner vereint neueste 3D-Scan-Technologie mit Effizienz und maximaler Pr\u00e4zision. Er eignet sich perfekt f\u00fcr die Digitalisierung Ihrer Edelsteine, Schmuckst\u00fccke und anderen Kleinstobjekten die dreidimensional erfasst werden m\u00fcssen. Beispiele und Einsatzm\u00f6glichkeiten: &#8211; Herstellung von hochpr\u00e4zisen Fassungen f\u00fcr Edelsteine &#8211; Digitalisierung von organischen Oberfl\u00e4chen &#8211; Digitalisierung von Modellen die skaliert oder gespiegelt werden&#8230;<\/p>","protected":false},"featured_media":7778,"comment_status":"open","ping_status":"closed","template":"","meta":[],"product_brand":[],"product_cat":[94,95,56,75],"product_tag":[52,76],"class_list":{"0":"post-7644","1":"product","2":"type-product","3":"status-publish","4":"has-post-thumbnail","6":"product_cat-3d-scanner-formen-2","7":"product_cat-3d-scanner-3d-drucker","8":"product_cat-3d-drucker","9":"product_cat-formen","10":"product_tag-anfrage","11":"product_tag-formen","13":"first","14":"instock","15":"taxable","16":"shipping-taxable","17":"product-type-variable"},"acf":[],"_links":{"self":[{"href":"https:\/\/dexdo-online.de\/en\/wp-json\/wp\/v2\/product\/7644","targetHints":{"allow":["GET"]}}],"collection":[{"href":"https:\/\/dexdo-online.de\/en\/wp-json\/wp\/v2\/product"}],"about":[{"href":"https:\/\/dexdo-online.de\/en\/wp-json\/wp\/v2\/types\/product"}],"replies":[{"embeddable":true,"href":"https:\/\/dexdo-online.de\/en\/wp-json\/wp\/v2\/comments?post=7644"}],"wp:featuredmedia":[{"embeddable":true,"href":"https:\/\/dexdo-online.de\/en\/wp-json\/wp\/v2\/media\/7778"}],"wp:attachment":[{"href":"https:\/\/dexdo-online.de\/en\/wp-json\/wp\/v2\/media?parent=7644"}],"wp:term":[{"taxonomy":"product_brand","embeddable":true,"href":"https:\/\/dexdo-online.de\/en\/wp-json\/wp\/v2\/product_brand?post=7644"},{"taxonomy":"product_cat","embeddable":true,"href":"https:\/\/dexdo-online.de\/en\/wp-json\/wp\/v2\/product_cat?post=7644"},{"taxonomy":"product_tag","embeddable":true,"href":"https:\/\/dexdo-online.de\/en\/wp-json\/wp\/v2\/product_tag?post=7644"}],"curies":[{"name":"wp","href":"https:\/\/api.w.org\/{rel}","templated":true}]}}