{"id":7660,"date":"2023-06-23T22:13:10","date_gmt":"2023-06-23T20:13:10","guid":{"rendered":"https:\/\/dexdo-online.de\/?post_type=product&#038;p=7660"},"modified":"2023-06-23T22:17:54","modified_gmt":"2023-06-23T20:17:54","slug":"sauggussmaschine-bis-5-inch","status":"publish","type":"product","link":"https:\/\/dexdo-online.de\/en\/product\/sauggussmaschine-bis-5-inch","title":{"rendered":"Sauggussmaschine bis 5 inch"},"content":{"rendered":"<div><strong>Produkteigenschaften:<\/strong><\/div>\n<div><\/div>\n<div>Die Sauggie\u00dfmaschine wird verwendet, um fl\u00fcssiges geschmolzenes Metall zum Staubsaugen und Absaugen in eine Gipsform (Kolben) zu gie\u00dfen, um Grate auf Gussst\u00fccken zu reduzieren und die Gl\u00e4tte der Werkst\u00fcckoberfl\u00e4che zu erh\u00f6hen.<\/div>\n<p>&nbsp;<\/p>\n<p>TECHNISCHE PARAMETER<\/p>\n<table border=\"1\" cellspacing=\"3\" cellpadding=\"0\">\n<tbody>\n<tr>\n<td valign=\"top\">Power supply<\/td>\n<td valign=\"top\">380 V, 50 Hz, 3 phase<\/td>\n<\/tr>\n<tr>\n<td valign=\"top\">Power input<\/td>\n<td valign=\"top\">1.5 kW<\/td>\n<\/tr>\n<tr>\n<td valign=\"top\">Vacuum pump capacity<\/td>\n<td valign=\"top\">15 L \/ 30L<\/td>\n<\/tr>\n<tr>\n<td valign=\"top\">Suitable diameter of flask<\/td>\n<td valign=\"top\">3.6&#8243;, 4.0&#8243;, 5.0&#8243;<\/td>\n<\/tr>\n<tr>\n<td valign=\"top\">Suitable height of flask<\/td>\n<td valign=\"top\">\u2264 10<\/td>\n<\/tr>\n<tr>\n<td valign=\"top\">Weight<\/td>\n<td valign=\"top\">100 kg<\/td>\n<\/tr>\n<tr>\n<td valign=\"top\">Size<\/td>\n<td valign=\"top\">600 x 800 x 800 mm<\/td>\n<\/tr>\n<tr>\n<td valign=\"top\">Remark<\/td>\n<td valign=\"top\">220 V \/ 1 phase &#8211; on request<\/td>\n<\/tr>\n<\/tbody>\n<\/table>\n<p>&nbsp;<\/p>\n<p><strong>1 Jahr Garantie<\/strong><\/p>\n<p>&nbsp;<\/p>\n<p align=\"center\"><strong>Weitere Informationen (Gebrauchsanleitung):<\/strong> <u><strong><a href=\"http:\/\/localhost\/dexdo\/wp-content\/uploads\/2019\/06\/Schmelzoefen_yi.pdf\" target=\"_blank\" rel=\"noopener noreferrer\"><span style=\"color: #800000;\">HIER KLICKEN!!!<\/span><\/a><\/strong><\/u><\/p>","protected":false},"excerpt":{"rendered":"<p>Produkteigenschaften: Die Sauggie\u00dfmaschine wird verwendet, um fl\u00fcssiges geschmolzenes Metall zum Staubsaugen und Absaugen in eine Gipsform (Kolben) zu gie\u00dfen, um Grate auf Gussst\u00fccken zu reduzieren und die Gl\u00e4tte der Werkst\u00fcckoberfl\u00e4che zu erh\u00f6hen. &nbsp; TECHNISCHE PARAMETER Power supply 380 V, 50 Hz, 3 phase Power input 1.5 kW Vacuum pump capacity 15 L \/ 30L Suitable&#8230;<\/p>","protected":false},"featured_media":7769,"comment_status":"open","ping_status":"closed","template":"","meta":[],"product_brand":[],"product_cat":[65,99],"product_tag":[52,66],"class_list":{"0":"post-7660","1":"product","2":"type-product","3":"status-publish","4":"has-post-thumbnail","6":"product_cat-giessystem","7":"product_cat-sauggussmaschine","8":"product_tag-anfrage","9":"product_tag-giessystem","10":"product_shipping_class-spedition","12":"first","13":"instock","14":"taxable","15":"shipping-taxable","16":"product-type-simple"},"acf":[],"_links":{"self":[{"href":"https:\/\/dexdo-online.de\/en\/wp-json\/wp\/v2\/product\/7660","targetHints":{"allow":["GET"]}}],"collection":[{"href":"https:\/\/dexdo-online.de\/en\/wp-json\/wp\/v2\/product"}],"about":[{"href":"https:\/\/dexdo-online.de\/en\/wp-json\/wp\/v2\/types\/product"}],"replies":[{"embeddable":true,"href":"https:\/\/dexdo-online.de\/en\/wp-json\/wp\/v2\/comments?post=7660"}],"wp:featuredmedia":[{"embeddable":true,"href":"https:\/\/dexdo-online.de\/en\/wp-json\/wp\/v2\/media\/7769"}],"wp:attachment":[{"href":"https:\/\/dexdo-online.de\/en\/wp-json\/wp\/v2\/media?parent=7660"}],"wp:term":[{"taxonomy":"product_brand","embeddable":true,"href":"https:\/\/dexdo-online.de\/en\/wp-json\/wp\/v2\/product_brand?post=7660"},{"taxonomy":"product_cat","embeddable":true,"href":"https:\/\/dexdo-online.de\/en\/wp-json\/wp\/v2\/product_cat?post=7660"},{"taxonomy":"product_tag","embeddable":true,"href":"https:\/\/dexdo-online.de\/en\/wp-json\/wp\/v2\/product_tag?post=7660"}],"curies":[{"name":"wp","href":"https:\/\/api.w.org\/{rel}","templated":true}]}}