{"id":7672,"date":"2023-06-23T22:13:36","date_gmt":"2023-06-23T20:13:36","guid":{"rendered":"https:\/\/dexdo-online.de\/?post_type=product&#038;p=7672"},"modified":"2023-06-23T22:17:55","modified_gmt":"2023-06-23T20:17:55","slug":"stranggussmaschine-5-kg","status":"publish","type":"product","link":"https:\/\/dexdo-online.de\/en\/product\/stranggussmaschine-5-kg","title":{"rendered":"Stranggussmaschine 5 KG"},"content":{"rendered":"<div><strong>Produkteigenschaften:<\/strong><\/div>\n<div><\/div>\n<div>Wirtschaftliche, praktische und effiziente Eigenschaften dieser Stranggie\u00dfmaschine sind die erste Wahl f\u00fcr Sie.<br \/>\nNeben seiner hohen Effizienz, geringen Verschwendung und seinem flexiblen Betrieb bietet es Ihnen einen idealen Gusseffekt.<\/div>\n<p>&nbsp;<\/p>\n<p><strong>\u00a0<\/strong>Der gesamte Schmelzprozess wird durch Argon gesch\u00fctzt, um eine Metalloxidation zu verhindern. Zwangsgussverfahren.<br \/>\nSchnelles Schmelzen und Gie\u00dfen, geeignet f\u00fcr K Gold, Silberdraht, Rohr, Scheibe, Stab und andere Formen.<br \/>\nAbw\u00e4rtsgie\u00dfen f\u00fcr hohe Anforderungen, idealer Gusseffekt.<br \/>\nEinzigartige Induktionsheizung mit automatischer R\u00fchrfunktion zur St\u00e4rkung der Leistung und zur Herstellung gleichm\u00e4\u00dfig gef\u00e4rbter Gegenst\u00e4nde. Gro\u00dfe Gie\u00dfkapazit\u00e4t zur Verbesserung Ihrer Produktionseffizienz.<br \/>\nTemperaturerfassungssystem von Ormond Japan.<br \/>\nVerschiedene Selbstfehlererkennungssysteme sorgen f\u00fcr einen sicheren Gie\u00dfprozess.<\/p>\n<p>&nbsp;<\/p>\n<p>TECHNISCHE PARAMETER<\/p>\n<table border=\"1\" cellspacing=\"3\" cellpadding=\"0\">\n<tbody>\n<tr>\n<td valign=\"top\"><b>Model<\/b><\/td>\n<td valign=\"top\"><b>CC005<\/b><\/td>\n<\/tr>\n<tr>\n<td valign=\"top\"><b>Power supply<\/b><\/td>\n<td valign=\"top\"><b>\u00a0400 V, (3 phase), 50\/60 Hz<\/b><\/td>\n<\/tr>\n<tr>\n<td valign=\"top\"><b>Power output<\/b><\/td>\n<td valign=\"top\"><b>8 kW<\/b><\/td>\n<\/tr>\n<tr>\n<td valign=\"top\"><b>Suitable metal<\/b><\/td>\n<td valign=\"top\"><b>Gold, Silver, Copper<\/b><\/td>\n<\/tr>\n<tr>\n<td valign=\"top\"><b>Melting capacity<\/b><\/td>\n<td valign=\"top\"><b>5 kg<\/b><\/td>\n<\/tr>\n<tr>\n<td valign=\"top\"><b>Maximum sheet size<\/b><\/td>\n<td valign=\"top\"><b>30 x 8 mm<\/b><\/td>\n<\/tr>\n<tr>\n<td valign=\"top\"><b>Max. rod size<\/b><\/td>\n<td valign=\"top\"><b>\u00d8 40 mm<\/b><\/td>\n<\/tr>\n<tr>\n<td valign=\"top\"><b>Max tube size<\/b><\/td>\n<td valign=\"top\"><b>\u00d8 30 x 2 mm<\/b><\/td>\n<\/tr>\n<tr>\n<td valign=\"top\"><b>Suitable mould<\/b><\/td>\n<td valign=\"top\"><b>Size can be customized<\/b><\/td>\n<\/tr>\n<tr>\n<td valign=\"top\"><b>Protection gas<\/b><\/td>\n<td valign=\"top\"><b>Nitrogen or argon<\/b><\/td>\n<\/tr>\n<tr>\n<td valign=\"top\"><b>Temp range<\/b><\/td>\n<td valign=\"top\"><b>0-1150 \u2103 (K type)<\/b><\/td>\n<\/tr>\n<tr>\n<td valign=\"top\"><b>Water supply<\/b><\/td>\n<td valign=\"top\"><b>Purified water<\/b><\/td>\n<\/tr>\n<tr>\n<td valign=\"top\"><b>Cooling method<\/b><\/td>\n<td valign=\"top\"><b><span lang=\"EN-US\">10 \u2103-30 \u2103, we recommend water chiller more than 5P<\/span><\/b><\/td>\n<\/tr>\n<tr>\n<td valign=\"top\"><b>Casting type<\/b><\/td>\n<td valign=\"top\"><b>Continuous casting<\/b><\/td>\n<\/tr>\n<tr>\n<td valign=\"top\"><b>Emergency alarm<\/b><\/td>\n<td valign=\"top\"><b><span lang=\"EN-US\">Self detect errors and stop working<\/span><\/b><\/td>\n<\/tr>\n<tr>\n<td valign=\"top\"><b>Ambient temp<\/b><\/td>\n<td valign=\"top\"><b>5 \u2103-40 \u2103<\/b><\/td>\n<\/tr>\n<tr>\n<td valign=\"top\"><b>Humidity<\/b><\/td>\n<td valign=\"top\"><b>Less than 60 %<\/b><\/td>\n<\/tr>\n<tr>\n<td valign=\"top\"><b>External source<\/b><\/td>\n<td valign=\"top\"><b>GAS<\/b><\/td>\n<\/tr>\n<tr>\n<td valign=\"top\"><b>Water temp<\/b><\/td>\n<td valign=\"top\"><b>10 \u2103-20 \u2103<\/b><\/td>\n<\/tr>\n<tr>\n<td valign=\"top\"><b>Machine dimension<\/b><\/td>\n<td valign=\"top\"><b>780 x 650 x 1511 mm<\/b><\/td>\n<\/tr>\n<tr>\n<td valign=\"top\"><b>Weight<\/b><\/td>\n<td valign=\"top\"><b>230 kg<\/b><\/td>\n<\/tr>\n<\/tbody>\n<\/table>\n<p><strong>\u00a0<\/strong><\/p>\n<p><strong>1 Jahr Garantie<\/strong><\/p>\n<p><iframe loading=\"lazy\" title=\"Continuous Casting Machine for 925 silver tube\" width=\"640\" height=\"360\" src=\"https:\/\/www.youtube.com\/embed\/Qjx1YKltNXA?feature=oembed\" frameborder=\"0\" allow=\"accelerometer; autoplay; clipboard-write; encrypted-media; gyroscope; picture-in-picture; web-share\" referrerpolicy=\"strict-origin-when-cross-origin\" allowfullscreen><\/iframe><\/p>\n<p>&nbsp;<\/p>\n<p align=\"center\"><strong>Weitere Informationen (Gebrauchsanleitung):<\/strong> <u><strong><a href=\"http:\/\/localhost\/dexdo\/wp-content\/uploads\/2019\/06\/Schmelzoefen_yi.pdf\" target=\"_blank\" rel=\"noopener noreferrer\"><span style=\"color: #800000;\">HIER KLICKEN!!!<\/span><\/a><\/strong><\/u><\/p>","protected":false},"excerpt":{"rendered":"<p>Produkteigenschaften: Wirtschaftliche, praktische und effiziente Eigenschaften dieser Stranggie\u00dfmaschine sind die erste Wahl f\u00fcr Sie. Neben seiner hohen Effizienz, geringen Verschwendung und seinem flexiblen Betrieb bietet es Ihnen einen idealen Gusseffekt. &nbsp; \u00a0Der gesamte Schmelzprozess wird durch Argon gesch\u00fctzt, um eine Metalloxidation zu verhindern. Zwangsgussverfahren. Schnelles Schmelzen und Gie\u00dfen, geeignet f\u00fcr K Gold, Silberdraht, Rohr, Scheibe,&#8230;<\/p>","protected":false},"featured_media":7766,"comment_status":"open","ping_status":"closed","template":"","meta":[],"product_brand":[],"product_cat":[65,98],"product_tag":[52,66],"class_list":{"0":"post-7672","1":"product","2":"type-product","3":"status-publish","4":"has-post-thumbnail","6":"product_cat-giessystem","7":"product_cat-stranggussmaschine","8":"product_tag-anfrage","9":"product_tag-giessystem","10":"product_shipping_class-spedition","12":"first","13":"instock","14":"taxable","15":"shipping-taxable","16":"product-type-simple"},"acf":[],"_links":{"self":[{"href":"https:\/\/dexdo-online.de\/en\/wp-json\/wp\/v2\/product\/7672","targetHints":{"allow":["GET"]}}],"collection":[{"href":"https:\/\/dexdo-online.de\/en\/wp-json\/wp\/v2\/product"}],"about":[{"href":"https:\/\/dexdo-online.de\/en\/wp-json\/wp\/v2\/types\/product"}],"replies":[{"embeddable":true,"href":"https:\/\/dexdo-online.de\/en\/wp-json\/wp\/v2\/comments?post=7672"}],"wp:featuredmedia":[{"embeddable":true,"href":"https:\/\/dexdo-online.de\/en\/wp-json\/wp\/v2\/media\/7766"}],"wp:attachment":[{"href":"https:\/\/dexdo-online.de\/en\/wp-json\/wp\/v2\/media?parent=7672"}],"wp:term":[{"taxonomy":"product_brand","embeddable":true,"href":"https:\/\/dexdo-online.de\/en\/wp-json\/wp\/v2\/product_brand?post=7672"},{"taxonomy":"product_cat","embeddable":true,"href":"https:\/\/dexdo-online.de\/en\/wp-json\/wp\/v2\/product_cat?post=7672"},{"taxonomy":"product_tag","embeddable":true,"href":"https:\/\/dexdo-online.de\/en\/wp-json\/wp\/v2\/product_tag?post=7672"}],"curies":[{"name":"wp","href":"https:\/\/api.w.org\/{rel}","templated":true}]}}