{"id":7693,"date":"2023-06-23T22:14:07","date_gmt":"2023-06-23T20:14:07","guid":{"rendered":"https:\/\/dexdo-online.de\/?post_type=product&#038;p=7693"},"modified":"2025-05-28T10:57:24","modified_gmt":"2025-05-28T08:57:24","slug":"40-kg-gold-induktionsschmelzofen-1350-grad-tiegelvolumen-2200-cm%c2%b3-gold-silber-kupfer-schmelzen","status":"publish","type":"product","link":"https:\/\/dexdo-online.de\/en\/product\/40-kg-gold-induktionsschmelzofen-1350-grad-tiegelvolumen-2200-cm%c2%b3-gold-silber-kupfer-schmelzen","title":{"rendered":"40 kg Gold Induktionsschmelzofen 1350 GRAD  (Tiegelvolumen 2200 cm\u00b3) &#8211; Gold Silber Kupfer schmelzen"},"content":{"rendered":"<div>\n<div>Dieses Mittelfrequenz-Induktionsofen verwendet IGBT mit Hochfrequenzstromversorgung, um Metall durch Induktionserw\u00e4rmung zu schmelzen. Es gibt die Vorteile des schnellen Schmelzens, der geringen Interferenz usw.<\/div>\n<div>Dieses Ger\u00e4t verf\u00fcgt \u00fcber alle Festk\u00f6rper-IGBT-Frequenzumwandlungen und Leistungsregelungen, Soft-Switch-Drei-Vibrationssteuerung und automatische Frequenzverfolgungstechnologie. Es ist eine \u00e4u\u00dferst zuverl\u00e4ssige Garantie f\u00fcr 100% Volllast und 24 Stunden Dauerarbeitsf\u00e4higkeit. Es verf\u00fcgt \u00fcber einen Mehrfachschutz, z. B. \u00dcberstrom , \u00dcberspannung, unter Wasser, fehlende Phasenlast und so weiter. Das Zwischenfrequenznetzteil kann das Metall schnell erw\u00e4rmen und elektromagnetisch r\u00fchren, um eine hohe Temperatur und eine gleichm\u00e4\u00dfige Metallfl\u00fcssigkeit zu erhalten.<\/div>\n<div>Das besetzte Land f\u00fcr den Ofen ist klein. Modularer Aufbau, einfache Wartung, keine Notwendigkeit, spezielle Fundamente zu reparieren, niedrige Betriebskosten, einfache Bedienung, keine Verschmutzung und L\u00e4rm.<\/div>\n<\/div>\n<div><\/div>\n<div><strong>Produkteigenschaften:<\/strong><\/div>\n<div><\/div>\n<div>1. Das Schmelzger\u00e4t ist zum Schmelzen f\u00fcr Gold, Silber, Kupfer, Beryllium und andere Nichteisenmetallschmelzen geeignet.<\/div>\n<div>2. Mit der IGBT-Technologie haben Sie eine gro\u00dfe Ausgangsleistung und eine stabile hohe Effizienz.<\/div>\n<div>3. \u00dcberspannungsschutz und \u00dcberstromschutzeinrichtung.<\/div>\n<div>4. Einstellbare Schmelztemperatur, Digitalanzeige, gute Isolierung.<\/div>\n<div>5. 100% Volllast, 24-Stunden-Betrieb.<\/div>\n<div>6. Schneller Temperaturanstieg, stromsparend, niedrige Schmelzkosten mit einer hohen Kosteneffizienz.<\/div>\n<div>7. Praktisches Schrankgeh\u00e4use, kompaktes Design in einer kleinen Gr\u00f6\u00dfe und geringem Gewicht, einfacher Betrieb, einfache und bequeme Wartung.<\/div>\n<p>&nbsp;<\/p>\n<div align=\"center\">Technische Parameter:<\/div>\n<div align=\"center\">Eingangsleistung: 380 V\/50 Hz, 40 A<\/div>\n<div align=\"center\">Ausgangsleistung: 25 kW<\/div>\n<div align=\"center\">Geeignete Metalle: Gold, Silber, Messing etc.<\/div>\n<div align=\"center\">Schmelzkapazit\u00e4t: 40 kg (Gold)<\/div>\n<div align=\"center\">Schmelzzeit: 25 Minuten<\/div>\n<div align=\"center\">Max. Temperatur: 1350 \u2103<\/div>\n<div align=\"center\">Wasserk\u00fchlung: Wasserk\u00fchler<\/div>\n<div align=\"center\">Gewicht: 110 kg<\/div>\n<div align=\"center\">Gr\u00f6\u00dfe: 60x50x135.5cm<\/div>\n<div align=\"center\">Farbe: Orange<\/div>\n<div><\/div>\n<p>&nbsp;<\/p>\n<div align=\"center\">Inhalt:<\/div>\n<div align=\"center\">1x Induktionsschmelzofen f\u00fcr 20 kg<\/div>\n<div align=\"center\">1x Schmelztiegelzange<\/div>\n<div align=\"center\">1x Wasserschlauch<\/div>\n<div align=\"center\">1x Graphitschmelztiegel<\/div>\n<div align=\"center\">1x Keramikh\u00fclle<\/div>\n<div align=\"center\"><\/div>\n<p>&nbsp;<\/p>\n<div align=\"center\">1 Jahr Garantie<\/div>\n<p><iframe loading=\"lazy\" title=\"20 &amp; 40 kg Goldschmelzmaschine, Umkippen Struktur, Mittelfrequenz-Induktionsschmelzmaschine\" width=\"640\" height=\"360\" src=\"https:\/\/www.youtube.com\/embed\/IQvoDa__gqA?feature=oembed\" frameborder=\"0\" allow=\"accelerometer; autoplay; clipboard-write; encrypted-media; gyroscope; picture-in-picture; web-share\" referrerpolicy=\"strict-origin-when-cross-origin\" allowfullscreen><\/iframe><\/p>\n<p>&nbsp;<\/p>\n<div align=\"center\"><\/div>\n<p align=\"center\"><strong>Weitere Informationen (Gebrauchsanleitung):<\/strong> <u><strong><a href=\"http:\/\/localhost\/dexdo\/wp-content\/uploads\/2019\/06\/Schmelzoefen_yi.pdf\" target=\"_blank\" rel=\"noopener noreferrer\"><span style=\"color: #800000;\">HIER KLICKEN!!!<\/span><\/a><\/strong><\/u><\/p>","protected":false},"excerpt":{"rendered":"<p>Dieses Mittelfrequenz-Induktionsofen verwendet IGBT mit Hochfrequenzstromversorgung, um Metall durch Induktionserw\u00e4rmung zu schmelzen. Es gibt die Vorteile des schnellen Schmelzens, der geringen Interferenz usw. Dieses Ger\u00e4t verf\u00fcgt \u00fcber alle Festk\u00f6rper-IGBT-Frequenzumwandlungen und Leistungsregelungen, Soft-Switch-Drei-Vibrationssteuerung und automatische Frequenzverfolgungstechnologie. Es ist eine \u00e4u\u00dferst zuverl\u00e4ssige Garantie f\u00fcr 100% Volllast und 24 Stunden Dauerarbeitsf\u00e4higkeit. Es verf\u00fcgt \u00fcber einen Mehrfachschutz, z. B&#8230;.<\/p>","protected":false},"featured_media":7806,"comment_status":"open","ping_status":"closed","template":"","meta":[],"product_brand":[],"product_cat":[86,50],"product_tag":[52,51],"class_list":{"0":"post-7693","1":"product","2":"type-product","3":"status-publish","4":"has-post-thumbnail","6":"product_cat-2-40kg-goldvolumen-schmelzofen-schmelzofen","7":"product_cat-schmelzofen","8":"product_tag-anfrage","9":"product_tag-schmelzofen","10":"product_shipping_class-spedition","12":"first","13":"instock","14":"taxable","15":"shipping-taxable","16":"purchasable","17":"product-type-simple"},"acf":[],"_links":{"self":[{"href":"https:\/\/dexdo-online.de\/en\/wp-json\/wp\/v2\/product\/7693","targetHints":{"allow":["GET"]}}],"collection":[{"href":"https:\/\/dexdo-online.de\/en\/wp-json\/wp\/v2\/product"}],"about":[{"href":"https:\/\/dexdo-online.de\/en\/wp-json\/wp\/v2\/types\/product"}],"replies":[{"embeddable":true,"href":"https:\/\/dexdo-online.de\/en\/wp-json\/wp\/v2\/comments?post=7693"}],"wp:featuredmedia":[{"embeddable":true,"href":"https:\/\/dexdo-online.de\/en\/wp-json\/wp\/v2\/media\/7806"}],"wp:attachment":[{"href":"https:\/\/dexdo-online.de\/en\/wp-json\/wp\/v2\/media?parent=7693"}],"wp:term":[{"taxonomy":"product_brand","embeddable":true,"href":"https:\/\/dexdo-online.de\/en\/wp-json\/wp\/v2\/product_brand?post=7693"},{"taxonomy":"product_cat","embeddable":true,"href":"https:\/\/dexdo-online.de\/en\/wp-json\/wp\/v2\/product_cat?post=7693"},{"taxonomy":"product_tag","embeddable":true,"href":"https:\/\/dexdo-online.de\/en\/wp-json\/wp\/v2\/product_tag?post=7693"}],"curies":[{"name":"wp","href":"https:\/\/api.w.org\/{rel}","templated":true}]}}