{"id":8180,"date":"2025-03-08T18:31:26","date_gmt":"2025-03-08T17:31:26","guid":{"rendered":"https:\/\/dexdo-online.de\/?post_type=product&#038;p=8180"},"modified":"2026-01-19T17:33:39","modified_gmt":"2026-01-19T16:33:39","slug":"gama","status":"publish","type":"product","link":"https:\/\/dexdo-online.de\/en\/product\/gama","title":{"rendered":"GAMA Kipp-Induktionsschmelzofen &#8211; Volumen f\u00fcr 12 kg Feingold"},"content":{"rendered":"<ul>\n<li>Der Tiegel kann in 3-10 Minuten eine Temperatur von 1.700\u00b0C erreichen<\/li>\n<li>Die Maschine ist mit einer Wasser-Strom Trennung ausgestattet, um einen sicheren Betrieb und einfache Wartung zu gew\u00e4hrleisten.<\/li>\n<li>Die digitale Optimierung des Betriebssystems erm\u00f6glicht eine einfache Bedienung und verhindert h\u00e4ufige Benutzerfehler.<\/li>\n<li>Die optimierte W\u00e4rmeisolation durch die Mica-Abdeckung sorgt f\u00fcr einen sicheren Betrieb.<\/li>\n<li>-Die Mensch-Maschine-Interaktion erfolgt \u00fcber einen Bildschirm und einen Drehregler, um Fehlbedienungen zu vermeiden und die Handhabung zu vereinfachen.<\/li>\n<li>Ein im Hintergrund laufender PlD-Algorithmus sorgt durch die Regelung von Heizleistung und Ausgangsleistung f\u00fcr effiziente und sichere Steuerung und verhindert \u00dcberhitzung.<\/li>\n<\/ul>\n<p>&nbsp;<\/p>","protected":false},"excerpt":{"rendered":"<p>Der Tiegel kann in 3-10 Minuten eine Temperatur von 1.700\u00b0C erreichen Die Maschine ist mit einer Wasser-Strom Trennung ausgestattet, um einen sicheren Betrieb und einfache Wartung zu gew\u00e4hrleisten. Die digitale Optimierung des Betriebssystems erm\u00f6glicht eine einfache Bedienung und verhindert h\u00e4ufige Benutzerfehler. Die optimierte W\u00e4rmeisolation durch die Mica-Abdeckung sorgt f\u00fcr einen sicheren Betrieb. -Die Mensch-Maschine-Interaktion erfolgt&#8230;<\/p>","protected":false},"featured_media":8178,"comment_status":"closed","ping_status":"closed","template":"","meta":[],"product_brand":[],"product_cat":[86,50],"product_tag":[],"class_list":{"0":"post-8180","1":"product","2":"type-product","3":"status-publish","4":"has-post-thumbnail","6":"product_cat-2-40kg-goldvolumen-schmelzofen-schmelzofen","7":"product_cat-schmelzofen","9":"first","10":"instock","11":"taxable","12":"shipping-taxable","13":"purchasable","14":"product-type-simple"},"acf":[],"_links":{"self":[{"href":"https:\/\/dexdo-online.de\/en\/wp-json\/wp\/v2\/product\/8180","targetHints":{"allow":["GET"]}}],"collection":[{"href":"https:\/\/dexdo-online.de\/en\/wp-json\/wp\/v2\/product"}],"about":[{"href":"https:\/\/dexdo-online.de\/en\/wp-json\/wp\/v2\/types\/product"}],"replies":[{"embeddable":true,"href":"https:\/\/dexdo-online.de\/en\/wp-json\/wp\/v2\/comments?post=8180"}],"wp:featuredmedia":[{"embeddable":true,"href":"https:\/\/dexdo-online.de\/en\/wp-json\/wp\/v2\/media\/8178"}],"wp:attachment":[{"href":"https:\/\/dexdo-online.de\/en\/wp-json\/wp\/v2\/media?parent=8180"}],"wp:term":[{"taxonomy":"product_brand","embeddable":true,"href":"https:\/\/dexdo-online.de\/en\/wp-json\/wp\/v2\/product_brand?post=8180"},{"taxonomy":"product_cat","embeddable":true,"href":"https:\/\/dexdo-online.de\/en\/wp-json\/wp\/v2\/product_cat?post=8180"},{"taxonomy":"product_tag","embeddable":true,"href":"https:\/\/dexdo-online.de\/en\/wp-json\/wp\/v2\/product_tag?post=8180"}],"curies":[{"name":"wp","href":"https:\/\/api.w.org\/{rel}","templated":true}]}}