{"id":8181,"date":"2025-03-08T18:31:40","date_gmt":"2025-03-08T17:31:40","guid":{"rendered":"https:\/\/dexdo-online.de\/?post_type=product&#038;p=8181"},"modified":"2026-02-13T12:50:11","modified_gmt":"2026-02-13T11:50:11","slug":"alpha","status":"publish","type":"product","link":"https:\/\/dexdo-online.de\/en\/product\/alpha","title":{"rendered":"ALPHA DIGITAL INDUCTION SCHMELZOFEN \/ MELTING FURNACE f\u00fcr bis 2 kg Feingold"},"content":{"rendered":"<ul>\n<li>Der Tiegel kann in 3-5 Minuten eine Temperatur von 1.300\u201cC erreichen<\/li>\n<li>Die Maschine ist mit einer Wasser-Strom Trennung ausgestattet, um einen sicheren Betrieb und einfache Wartung zu gew\u00e4hrleisten.<\/li>\n<li>Die digitale Optimierung des Betriebssystems erm\u00f6glicht eine einfache Bedienung und verhindert h\u00e4ufige Benutzerfehler.<\/li>\n<li>Die optimierte W\u00e4rmeisolation durch die Mica-Abdeckung sorgt f\u00fcr einen sicheren Betrieb.<\/li>\n<li>-Die Mensch-Maschine-Interaktion erfolgt \u00fcber einen Bildschirm und einen Drehregler, um Fehlbedienungen zu vermeiden und die Handhabung zu vereinfachen.<\/li>\n<li>Ein im Hintergrund laufender PlD-Algorithmus sorgt durch die Regelung von Heizleistung und Ausgangsleistung f\u00fcr effiziente und sichere Steuerung und verhindert \u00dcberhitzung.<\/li>\n<\/ul>\n<p><img decoding=\"async\" src=\"https:\/\/dexdo-online.de\/wp-content\/uploads\/2025\/03\/4d07487f1cf937b0c130c7be24f365c8-scaled.jpg\" alt=\"\" \/> <img decoding=\"async\" src=\"https:\/\/dexdo-online.de\/wp-content\/uploads\/2025\/03\/e72be5c72f29197c7089ab7eb5b3ca13.jpg\" alt=\"\" \/> <img decoding=\"async\" src=\"https:\/\/dexdo-online.de\/wp-content\/uploads\/2025\/03\/4cf77073961ea1ef755a1648a08b2df8.jpg\" alt=\"\" \/> <img decoding=\"async\" src=\"https:\/\/dexdo-online.de\/wp-content\/uploads\/2025\/03\/b9c77d2d8dcc129e40dbec3e9112f443.jpg\" alt=\"\" \/><\/p>\n<p>&nbsp;<\/p>\n<p><img decoding=\"async\" src=\"https:\/\/dexdo-online.de\/wp-content\/uploads\/2025\/03\/339b13b847673cdabbc06618d9d7b1d2.jpg\" alt=\"\" \/><\/p>\n<p>&nbsp;<\/p>\n<div align=\"center\"><\/div>\n<p align=\"center\"><strong>Weitere Informationen (Gebrauchsanleitung):<\/strong> <u><strong><a href=\"https:\/\/dexdo-online.de\/wp-content\/uploads\/2025\/03\/ALPHA-FURNACE-2-kg-Mini.pdf\" target=\"_blank\" rel=\"noopener noreferrer\"><span style=\"color: #800000;\">HIER KLICKEN!!!<\/span><\/a><\/strong><\/u><\/p>","protected":false},"excerpt":{"rendered":"<p>Der Tiegel kann in 3-5 Minuten eine Temperatur von 1.300\u201cC erreichen Die Maschine ist mit einer Wasser-Strom Trennung ausgestattet, um einen sicheren Betrieb und einfache Wartung zu gew\u00e4hrleisten. Die digitale Optimierung des Betriebssystems erm\u00f6glicht eine einfache Bedienung und verhindert h\u00e4ufige Benutzerfehler. Die optimierte W\u00e4rmeisolation durch die Mica-Abdeckung sorgt f\u00fcr einen sicheren Betrieb. -Die Mensch-Maschine-Interaktion erfolgt&#8230;<\/p>","protected":false},"featured_media":8179,"comment_status":"closed","ping_status":"closed","template":"","meta":[],"product_brand":[],"product_cat":[86,83],"product_tag":[],"class_list":{"0":"post-8181","1":"product","2":"type-product","3":"status-publish","4":"has-post-thumbnail","6":"product_cat-2-40kg-goldvolumen-schmelzofen-schmelzofen","7":"product_cat-mini-schmelzserie-schmelzofen","9":"first","10":"instock","11":"taxable","12":"shipping-taxable","13":"purchasable","14":"product-type-simple"},"acf":[],"_links":{"self":[{"href":"https:\/\/dexdo-online.de\/en\/wp-json\/wp\/v2\/product\/8181","targetHints":{"allow":["GET"]}}],"collection":[{"href":"https:\/\/dexdo-online.de\/en\/wp-json\/wp\/v2\/product"}],"about":[{"href":"https:\/\/dexdo-online.de\/en\/wp-json\/wp\/v2\/types\/product"}],"replies":[{"embeddable":true,"href":"https:\/\/dexdo-online.de\/en\/wp-json\/wp\/v2\/comments?post=8181"}],"wp:featuredmedia":[{"embeddable":true,"href":"https:\/\/dexdo-online.de\/en\/wp-json\/wp\/v2\/media\/8179"}],"wp:attachment":[{"href":"https:\/\/dexdo-online.de\/en\/wp-json\/wp\/v2\/media?parent=8181"}],"wp:term":[{"taxonomy":"product_brand","embeddable":true,"href":"https:\/\/dexdo-online.de\/en\/wp-json\/wp\/v2\/product_brand?post=8181"},{"taxonomy":"product_cat","embeddable":true,"href":"https:\/\/dexdo-online.de\/en\/wp-json\/wp\/v2\/product_cat?post=8181"},{"taxonomy":"product_tag","embeddable":true,"href":"https:\/\/dexdo-online.de\/en\/wp-json\/wp\/v2\/product_tag?post=8181"}],"curies":[{"name":"wp","href":"https:\/\/api.w.org\/{rel}","templated":true}]}}