{"id":8383,"date":"2025-05-23T04:38:48","date_gmt":"2025-05-23T02:38:48","guid":{"rendered":"https:\/\/dexdo-online.de\/?post_type=product&#038;p=8383"},"modified":"2025-05-23T05:39:05","modified_gmt":"2025-05-23T03:39:05","slug":"4-kg-gold-goldbarrenmaschine-%e5%a4%8d%e5%88%b6","status":"publish","type":"product","link":"https:\/\/dexdo-online.de\/en\/product\/4-kg-gold-goldbarrenmaschine-%e5%a4%8d%e5%88%b6","title":{"rendered":"4 kg Gold- Goldbarrenmaschine"},"content":{"rendered":"<div>\n<div class=\"dad65929\">\n<div class=\"_4f9bf79 d7dc56a8 _43c05b5\">\n<div class=\"ds-markdown ds-markdown--block\">\n<p class=\"ds-markdown-paragraph\"><strong>Goldbarrengie\u00dfmaschine &#8211; Professionelle Edelmetallverarbeitung<\/strong><\/p>\n<p class=\"ds-markdown-paragraph\">Eigenschaften:<\/p>\n<ul>\n<li>\n<p class=\"ds-markdown-paragraph\">Ideal zum Gie\u00dfen von 4-kg-Barren aus Gold oder Silber<\/p>\n<\/li>\n<li>\n<p class=\"ds-markdown-paragraph\">Einfache Handhabung durch passgenaue Graphitkokillen f\u00fcr die Schmelzkammer<\/p>\n<\/li>\n<li>\n<p class=\"ds-markdown-paragraph\">Integriertes Vakuumsystem mit Schutzgasatmosph\u00e4re (Argon\/Stickstoff) f\u00fcr:<br \/>\n\u2022 Oxidationfreie Schmelzprozesse<br \/>\n\u2022 Perfekte Metallqualit\u00e4t ohne Oberfl\u00e4chenoxidation<br \/>\n\u2022 Langlebigkeit der Graphitkomponenten<\/p>\n<\/li>\n<li>\n<p class=\"ds-markdown-paragraph\">Vollst\u00e4ndiger Schmelz- und Abk\u00fchlzyklus unter kontrollierter Schutzatmosph\u00e4re<\/p>\n<\/li>\n<li>\n<p class=\"ds-markdown-paragraph\">Besonders saubere Barrenoberfl\u00e4chen durch oxidationsfreie Prozessf\u00fchrung<\/p>\n<\/li>\n<\/ul>\n<p class=\"ds-markdown-paragraph\">Die pr\u00e4zise Formulierung betont die technischen Vorteile und vereinfacht das Verst\u00e4ndnis, w\u00e4hrend alle wichtigen Informationen erhalten bleiben. Die Aufz\u00e4hlungsstruktur verbessert die \u00dcbersichtlichkeit f\u00fcr potentielle K\u00e4ufer.<\/p>\n<p><img decoding=\"async\" src=\"https:\/\/dexdo-online.de\/wp-content\/uploads\/2025\/05\/\u56fe\u7247_20250523044552.jpg\" alt=\"\" \/> <img decoding=\"async\" src=\"https:\/\/dexdo-online.de\/wp-content\/uploads\/2025\/05\/\u56fe\u7247_20250523044557.jpg\" alt=\"\" \/><\/p>\n<\/div>\n<div class=\"ds-flex\">\n<div class=\"ds-flex _965abe9\">\n<div class=\"ds-icon-button\" tabindex=\"0\">\n<div class=\"ds-icon\">\n<p><img decoding=\"async\" src=\"https:\/\/dexdo-online.de\/wp-content\/uploads\/2025\/05\/20250523045830.jpg\" alt=\"\" \/><\/p>\n<p>\u2460<span> Sichtfenster\u00a0 \u00a0 \u00a0 \u00a0 \u00a0 \u00a0<\/span>\u2461<span> Elektrisch bet\u00e4tigte T<\/span>\u00fc<span>r\u00a0 \u00a0 \u00a0 <\/span>\u2462<span> Gie\u00dfkammer<\/span><\/p>\n<p>\u2463<span> Pneumatikzylinder\u00a0 \u00a0 \u00a0 <\/span>\u2464<span> Not-Aus-Taster (gem\u00e4\u00df DIN EN 60204-1)<\/span><\/p>\n<p>\u2465<span> Bedienterminal mit Touchscreen\u00a0 \u00a0 <\/span>\u2466<span> Hauptschalter (Netztrenner)<\/span><\/p>\n<\/div>\n<p>&nbsp;<\/p>\n<\/div>\n<div class=\"ds-icon-button\" tabindex=\"0\">\n<div class=\"ds-icon\">\n<p><strong>Technische Spezifikationen<\/strong><\/p>\n<table>\n<thead>\n<tr>\n<td><strong>Modell<\/strong><\/td>\n<td><strong>Z.M.CM.1C4000<\/strong><\/td>\n<\/tr>\n<\/thead>\n<tbody>\n<tr>\n<td>Stromversorgung<\/td>\n<td>3-Phasen 400 V, 50\/60 Hz<\/td>\n<\/tr>\n<tr>\n<td>Leistung<\/td>\n<td>45 kW<\/td>\n<\/tr>\n<tr>\n<td>Graphitkokillen-Gr\u00f6\u00dfe<\/td>\n<td>1\u00d74 kg \/ 4\u00d71 kg<\/td>\n<\/tr>\n<tr>\n<td>\u00a0Gie\u00dfverfahren<\/td>\n<td>Vakuumgie\u00dfverfahren<\/td>\n<\/tr>\n<tr>\n<td>K\u00fchlsystem<\/td>\n<td>Wasserk\u00fchlanlage<\/td>\n<\/tr>\n<tr>\n<td>Abmessungen (L\u00d7B\u00d7H)<\/td>\n<td>1300\u00d7750\u00d7985 mm<\/td>\n<\/tr>\n<tr>\n<td>Gewicht<\/td>\n<td>300 kg<\/td>\n<\/tr>\n<\/tbody>\n<\/table>\n<\/div>\n<\/div>\n<\/div>\n<\/div>\n<\/div>\n<\/div>\n<\/div>\n<p>&nbsp;<\/p>\n<div align=\"center\">Inhalt: 1x 4 kg Goldbarenmaschine<\/div>\n<p>&nbsp;<\/p>\n<div align=\"center\">1 Jahr Garantie<\/div>\n<div style=\"width: 960px;\" class=\"wp-video\"><video class=\"wp-video-shortcode\" id=\"video-8383-1\" width=\"960\" height=\"540\" preload=\"metadata\" controls=\"controls\"><source type=\"video\/mp4\" src=\"https:\/\/dexdo-online.de\/wp-content\/uploads\/2025\/05\/WeChat_20250523045022.mp4?_=1\" \/><a href=\"https:\/\/dexdo-online.de\/wp-content\/uploads\/2025\/05\/WeChat_20250523045022.mp4\">https:\/\/dexdo-online.de\/wp-content\/uploads\/2025\/05\/WeChat_20250523045022.mp4<\/a><\/video><\/div>\n<div style=\"width: 720px;\" class=\"wp-video\"><video class=\"wp-video-shortcode\" id=\"video-8383-2\" width=\"720\" height=\"1280\" preload=\"metadata\" controls=\"controls\"><source type=\"video\/mp4\" src=\"https:\/\/dexdo-online.de\/wp-content\/uploads\/2025\/05\/WeChat_20250523045340.mp4?_=2\" \/><a href=\"https:\/\/dexdo-online.de\/wp-content\/uploads\/2025\/05\/WeChat_20250523045340.mp4\">https:\/\/dexdo-online.de\/wp-content\/uploads\/2025\/05\/WeChat_20250523045340.mp4<\/a><\/video><\/div>\n<p><img decoding=\"async\" src=\"https:\/\/dexdo-online.de\/wp-content\/uploads\/2025\/05\/\u56fe\u7247_20250523045334.jpg\" alt=\"\" \/><\/p>\n<div align=\"center\"><\/div>\n<div align=\"center\"><\/div>\n<p align=\"center\"><strong>Weitere Informationen (Gebrauchsanleitung):<\/strong> <u><strong><a href=\"http:\/\/localhost\/dexdo\/wp-content\/uploads\/2019\/06\/Schmelzoefen_yi.pdf\" target=\"_blank\" rel=\"noopener noreferrer\"><span style=\"color: #800000;\">HIER KLICKEN!!!<\/span><\/a><\/strong><\/u><\/p>","protected":false},"excerpt":{"rendered":"<p>Goldbarrengie\u00dfmaschine &#8211; Professionelle Edelmetallverarbeitung Eigenschaften: Ideal zum Gie\u00dfen von 4-kg-Barren aus Gold oder Silber Einfache Handhabung durch passgenaue Graphitkokillen f\u00fcr die Schmelzkammer Integriertes Vakuumsystem mit Schutzgasatmosph\u00e4re (Argon\/Stickstoff) f\u00fcr: \u2022 Oxidationfreie Schmelzprozesse \u2022 Perfekte Metallqualit\u00e4t ohne Oberfl\u00e4chenoxidation \u2022 Langlebigkeit der Graphitkomponenten Vollst\u00e4ndiger Schmelz- und Abk\u00fchlzyklus unter kontrollierter Schutzatmosph\u00e4re Besonders saubere Barrenoberfl\u00e4chen durch oxidationsfreie Prozessf\u00fchrung Die pr\u00e4zise&#8230;<\/p>","protected":false},"featured_media":8389,"comment_status":"open","ping_status":"closed","template":"","meta":[],"product_brand":[],"product_cat":[91,65],"product_tag":[52,66],"class_list":{"0":"post-8383","1":"product","2":"type-product","3":"status-publish","4":"has-post-thumbnail","6":"product_cat-barrngussmaschine-giessystem","7":"product_cat-giessystem","8":"product_tag-anfrage","9":"product_tag-giessystem","10":"product_shipping_class-spedition","12":"first","13":"instock","14":"taxable","15":"shipping-taxable","16":"product-type-simple"},"acf":[],"_links":{"self":[{"href":"https:\/\/dexdo-online.de\/en\/wp-json\/wp\/v2\/product\/8383","targetHints":{"allow":["GET"]}}],"collection":[{"href":"https:\/\/dexdo-online.de\/en\/wp-json\/wp\/v2\/product"}],"about":[{"href":"https:\/\/dexdo-online.de\/en\/wp-json\/wp\/v2\/types\/product"}],"replies":[{"embeddable":true,"href":"https:\/\/dexdo-online.de\/en\/wp-json\/wp\/v2\/comments?post=8383"}],"wp:featuredmedia":[{"embeddable":true,"href":"https:\/\/dexdo-online.de\/en\/wp-json\/wp\/v2\/media\/8389"}],"wp:attachment":[{"href":"https:\/\/dexdo-online.de\/en\/wp-json\/wp\/v2\/media?parent=8383"}],"wp:term":[{"taxonomy":"product_brand","embeddable":true,"href":"https:\/\/dexdo-online.de\/en\/wp-json\/wp\/v2\/product_brand?post=8383"},{"taxonomy":"product_cat","embeddable":true,"href":"https:\/\/dexdo-online.de\/en\/wp-json\/wp\/v2\/product_cat?post=8383"},{"taxonomy":"product_tag","embeddable":true,"href":"https:\/\/dexdo-online.de\/en\/wp-json\/wp\/v2\/product_tag?post=8383"}],"curies":[{"name":"wp","href":"https:\/\/api.w.org\/{rel}","templated":true}]}}